{"id":331826,"date":"2025-05-29T13:58:50","date_gmt":"2025-05-29T16:58:50","guid":{"rendered":"https:\/\/www.livrariarema.com.br\/loja\/produtos\/sem%20categoria\/biblia-acf-letra-grande-leao-amado-rei\/"},"modified":"2026-03-13T17:07:21","modified_gmt":"2026-03-13T20:07:21","slug":"biblia-acf-letra-grande-leao-amado-rei","status":"publish","type":"product","link":"https:\/\/www.livrariarema.com.br\/loja\/produtos\/biblias\/revista-corrigida-fiel\/biblia-acf-letra-grande-leao-amado-rei\/","title":{"rendered":"B\u00edblia Acf &#8211; Letra Grande &#8211; Le\u00e3o Amado Rei"},"content":{"rendered":"<p>Descubra a B\u00edblia Sagrada &#8211; Almeida Corrigida Fiel (ACF) &#8211; Letra Grande, uma das tradu\u00e7\u00f5es mais fi\u00e9is e tradicionais das Escrituras Sagradas. Amplamente utilizada por igrejas e estudiosos da Palavra, a ACF mant\u00e9m a ess\u00eancia e a profundidade do texto b\u00edblico original, tornando-a uma escolha ideal para quem busca um estudo s\u00e9rio e edificante.<\/p>\n<p>Esta edi\u00e7\u00e3o especial se destaca pela capa exclusiva &#8220;Le\u00e3o Amado Rei&#8221;, um design imponente que simboliza a for\u00e7a, a autoridade e a realeza de Cristo, o Le\u00e3o da Tribo de Jud\u00e1.<\/p>\n<p>Com um formato confort\u00e1vel de 16 cm x 23 cm, capa dura resistente e letra grande, esta B\u00edblia foi cuidadosamente projetada para proporcionar uma leitura fluida e agrad\u00e1vel, sendo perfeita para devocionais, cultos, estudos b\u00edblicos e momentos de medita\u00e7\u00e3o na Palavra de Deus.<\/p>\n<p>Recursos e diferenciais desta edi\u00e7\u00e3o:<br \/>\n&#8211; Tradu\u00e7\u00e3o Almeida Corrigida Fiel (ACF) &#8211; Uma das vers\u00f5es mais confi\u00e1veis e tradicionais da B\u00edblia.<br \/>\n&#8211; Letra Grande &#8211; Leitura confort\u00e1vel e acess\u00edvel para todas as idades.<br \/>\n&#8211; Plano de Leitura Anual &#8211; Um guia pr\u00e1tico para quem deseja ler a B\u00edblia inteira ao longo do ano.<br \/>\n&#8211; Fitilho marca-p\u00e1gina &#8211; Para manter sua leitura sempre organizada.<br \/>\n&#8211; Capa dura exclusiva &#8220;Le\u00e3o Amado Rei&#8221; &#8211; Beleza e durabilidade para acompanhar voc\u00ea por muitos anos.<\/p>\n<p>Seja para fortalecer sua caminhada na f\u00e9, aprofundar seus conhecimentos b\u00edblicos ou presentear algu\u00e9m especial, esta edi\u00e7\u00e3o limitada da B\u00edblia ACF \u00e9 uma escolha inspiradora e significativa.<\/p>\n","protected":false},"excerpt":{"rendered":"<p>Descubra a B\u00edblia Sagrada &#8211; Almeida Corrigida Fiel (ACF) &#8211; Letra Grande, uma das tradu\u00e7\u00f5es mais fi\u00e9is e tradicionais das&hellip;<\/p>\n","protected":false},"featured_media":346200,"comment_status":"open","ping_status":"closed","template":"","meta":[],"product_cat":[139,212],"product_tag":[],"_links":{"self":[{"href":"https:\/\/www.livrariarema.com.br\/loja\/wp-json\/wp\/v2\/product\/331826"}],"collection":[{"href":"https:\/\/www.livrariarema.com.br\/loja\/wp-json\/wp\/v2\/product"}],"about":[{"href":"https:\/\/www.livrariarema.com.br\/loja\/wp-json\/wp\/v2\/types\/product"}],"replies":[{"embeddable":true,"href":"https:\/\/www.livrariarema.com.br\/loja\/wp-json\/wp\/v2\/comments?post=331826"}],"wp:featuredmedia":[{"embeddable":true,"href":"https:\/\/www.livrariarema.com.br\/loja\/wp-json\/wp\/v2\/media\/346200"}],"wp:attachment":[{"href":"https:\/\/www.livrariarema.com.br\/loja\/wp-json\/wp\/v2\/media?parent=331826"}],"wp:term":[{"taxonomy":"product_cat","embeddable":true,"href":"https:\/\/www.livrariarema.com.br\/loja\/wp-json\/wp\/v2\/product_cat?post=331826"},{"taxonomy":"product_tag","embeddable":true,"href":"https:\/\/www.livrariarema.com.br\/loja\/wp-json\/wp\/v2\/product_tag?post=331826"}],"curies":[{"name":"wp","href":"https:\/\/api.w.org\/{rel}","templated":true}]}}