{"id":331830,"date":"2025-05-29T13:59:02","date_gmt":"2025-05-29T16:59:02","guid":{"rendered":"https:\/\/www.livrariarema.com.br\/loja\/produtos\/sem%20categoria\/31-coisas-que-toda-mulher-deve-saber-elizabeth-george\/"},"modified":"2026-03-13T17:07:34","modified_gmt":"2026-03-13T20:07:34","slug":"31-coisas-que-toda-mulher-deve-saber-elizabeth-george","status":"publish","type":"product","link":"https:\/\/www.livrariarema.com.br\/loja\/produtos\/livros\/mulher\/31-coisas-que-toda-mulher-deve-saber-elizabeth-george\/","title":{"rendered":"31 Coisas Que Toda Mulher Deve Saber &#8211; Elizabeth George"},"content":{"rendered":"<p>Voc\u00ea j\u00e1 se pegou pensando: &#8220;Ser\u00e1 que estou fazendo as escolhas certas?&#8221;<\/p>\n<p>Seja nos relacionamentos, na cria\u00e7\u00e3o dos filhos, na vida profissional ou na sua f\u00e9, tomar decis\u00f5es nem sempre \u00e9 f\u00e1cil. Mas e se voc\u00ea pudesse contar com conselhos pr\u00e1ticos para cada uma dessas \u00e1reas?<\/p>\n<p>Neste livro repleto de sabedoria b\u00edblica, Elizabeth George compartilha 31 verdades preciosas extra\u00eddas do livro de Prov\u00e9rbios, trazendo reflex\u00f5es que v\u00e3o iluminar o seu dia a dia e torn\u00e1-lo mais leve e prazeroso. De maneira descontra\u00ed-da e encorajadora, ela mostra como aplicar o conhecimento infal\u00edvel da Palavra de Deus em momentos de d\u00favida, medos ou desafios, ajudando voc\u00ea a viver com mais prop\u00f3sito, paz e confian\u00e7a. Abra a mente e o cora\u00e7\u00e3o para encontrar a sabe-doria de que precisa para florescer todos os dias.<\/p>\n<p>Este livro \u00e9 um guia essencial para quem deseja crescer na sabedoria de Deus e encontrar paz em meio ao caos da vida moderna.<\/p>\n<p>&#8220;Depois de mais de quarenta anos lendo Prov\u00e9rbios quase todos os dias, estou buscando neste livro compartilhar uma conversa franca com voc\u00ea como mulher, retirada dos meus apontamentos pessoais, anota\u00e7\u00f5es de estudos e aplica\u00e7\u00f5es com base nos 31 cap\u00edtulos de Prov\u00e9rbios. Selecionei a dedo v\u00e1rios t\u00f3picos dos quais me beneficiei como mulher, esposa, m\u00e3e e lha. Foi uma alegria absoluta escrever uma ora\u00e7\u00e3o de abertura para cada cap\u00edtulo. Essas ora\u00e7\u00f5es foram escritas com todo o meu cora\u00e7\u00e3o e t\u00eam como intuito que sejam feitas com todo o seu cora\u00e7\u00e3o ao nosso Pai celestial \u00e0 medida que voc\u00ea se aproxima da sabedoria dele a cada dia.&#8221; &#8211; Elizabeth George<\/p>\n","protected":false},"excerpt":{"rendered":"<p>Voc\u00ea j\u00e1 se pegou pensando: &#8220;Ser\u00e1 que estou fazendo as escolhas certas?&#8221; Seja nos relacionamentos, na cria\u00e7\u00e3o dos filhos, na&hellip;<\/p>\n","protected":false},"featured_media":346202,"comment_status":"open","ping_status":"closed","template":"","meta":[],"product_cat":[134,170],"product_tag":[],"_links":{"self":[{"href":"https:\/\/www.livrariarema.com.br\/loja\/wp-json\/wp\/v2\/product\/331830"}],"collection":[{"href":"https:\/\/www.livrariarema.com.br\/loja\/wp-json\/wp\/v2\/product"}],"about":[{"href":"https:\/\/www.livrariarema.com.br\/loja\/wp-json\/wp\/v2\/types\/product"}],"replies":[{"embeddable":true,"href":"https:\/\/www.livrariarema.com.br\/loja\/wp-json\/wp\/v2\/comments?post=331830"}],"wp:featuredmedia":[{"embeddable":true,"href":"https:\/\/www.livrariarema.com.br\/loja\/wp-json\/wp\/v2\/media\/346202"}],"wp:attachment":[{"href":"https:\/\/www.livrariarema.com.br\/loja\/wp-json\/wp\/v2\/media?parent=331830"}],"wp:term":[{"taxonomy":"product_cat","embeddable":true,"href":"https:\/\/www.livrariarema.com.br\/loja\/wp-json\/wp\/v2\/product_cat?post=331830"},{"taxonomy":"product_tag","embeddable":true,"href":"https:\/\/www.livrariarema.com.br\/loja\/wp-json\/wp\/v2\/product_tag?post=331830"}],"curies":[{"name":"wp","href":"https:\/\/api.w.org\/{rel}","templated":true}]}}