{"id":331861,"date":"2025-06-05T10:55:36","date_gmt":"2025-06-05T13:55:36","guid":{"rendered":"https:\/\/www.livrariarema.com.br\/loja\/produtos\/sem%20categoria\/esposa-sob-medida-noemi-nicoletti\/"},"modified":"2026-04-20T18:11:01","modified_gmt":"2026-04-20T21:11:01","slug":"esposa-sob-medida-noemi-nicoletti","status":"publish","type":"product","link":"https:\/\/www.livrariarema.com.br\/loja\/produtos\/livros\/ficcao\/esposa-sob-medida-noemi-nicoletti\/","title":{"rendered":"Esposa Sob Medida &#8211; Noemi Nicoletti"},"content":{"rendered":"<p>Ele encomendou a esposa perfeita. Agora s\u00f3 precisa descobrir como lidar com ela.<\/p>\n<p>Mark Schmidt tem tudo planejado: superar a ex-namorada, deixar as decep\u00e7\u00f5es amorosas para tr\u00e1s e, finalmente, encontrar a mulher ideal. Cansado de frustra\u00e7\u00f5es, ele decide testar Esposa Sob Medida, um servi\u00e7o inovador que promete a esposa perfeita com base em prefer\u00eancias determinadas pelo usu\u00e1rio.<br \/>\nQuando Magdalena chega, Mark acredita que fez um \u00f3timo neg\u00f3cio. Ela \u00e9 linda, carism\u00e1tica e parece ser a esposa ideal. Mas, conforme os dias passam, algo nela n\u00e3o se encaixa completamente.<br \/>\nEle esperava algu\u00e9m previs\u00edvel, programada para atender \u00e0s suas expectativas. Mas Magdalena tem opini\u00f5es fortes, toma decis\u00f5es pr\u00f3prias e, para sua frustra\u00e7\u00e3o, n\u00e3o faz todas as vontades dele. Quanto mais tenta entend\u00ea-la, mais confuso ele fica. Afinal, se ela foi feita sob medida para ele. por que n\u00e3o se comporta como ele imaginava?<br \/>\nEnquanto Mark tenta decifrar sua esposa e decidir o que fazer com ela, a cidade mergulha em uma onda de tens\u00e3o. E quanto mais Mark se aproxima de Magdalena, mais ele se pergunta se seu casamento pode estar envolvido em algo muito maior do que apenas um contrato bem preenchido.<br \/>\nCombinando romance, com\u00e9dia e fic\u00e7\u00e3o especulativa com toques de suspense, Esposa Sob Medida desafia a ideia de amor perfeito e nos lembra que nem mesmo a tecnologia mais avan\u00e7ada \u00e9 capaz de prever todo os caminhos &#8211; e o &#8220;felizes para sempre&#8221; pode vir com algumas cl\u00e1usulas em letras mi\u00fadas.<\/p>\n","protected":false},"excerpt":{"rendered":"<p>Ele encomendou a esposa perfeita. Agora s\u00f3 precisa descobrir como lidar com ela. Mark Schmidt tem tudo planejado: superar a&hellip;<\/p>\n","protected":false},"featured_media":345374,"comment_status":"open","ping_status":"closed","template":"","meta":[],"product_cat":[162,134],"product_tag":[],"_links":{"self":[{"href":"https:\/\/www.livrariarema.com.br\/loja\/wp-json\/wp\/v2\/product\/331861"}],"collection":[{"href":"https:\/\/www.livrariarema.com.br\/loja\/wp-json\/wp\/v2\/product"}],"about":[{"href":"https:\/\/www.livrariarema.com.br\/loja\/wp-json\/wp\/v2\/types\/product"}],"replies":[{"embeddable":true,"href":"https:\/\/www.livrariarema.com.br\/loja\/wp-json\/wp\/v2\/comments?post=331861"}],"wp:featuredmedia":[{"embeddable":true,"href":"https:\/\/www.livrariarema.com.br\/loja\/wp-json\/wp\/v2\/media\/345374"}],"wp:attachment":[{"href":"https:\/\/www.livrariarema.com.br\/loja\/wp-json\/wp\/v2\/media?parent=331861"}],"wp:term":[{"taxonomy":"product_cat","embeddable":true,"href":"https:\/\/www.livrariarema.com.br\/loja\/wp-json\/wp\/v2\/product_cat?post=331861"},{"taxonomy":"product_tag","embeddable":true,"href":"https:\/\/www.livrariarema.com.br\/loja\/wp-json\/wp\/v2\/product_tag?post=331861"}],"curies":[{"name":"wp","href":"https:\/\/api.w.org\/{rel}","templated":true}]}}