{"id":331891,"date":"2025-06-05T10:57:48","date_gmt":"2025-06-05T13:57:48","guid":{"rendered":"https:\/\/www.livrariarema.com.br\/loja\/produtos\/sem categoria\/biblia-the-purpose-book-a21-capa-couro-soft-caramelo-paisagem\/"},"modified":"2026-05-08T15:50:25","modified_gmt":"2026-05-08T18:50:25","slug":"biblia-the-purpose-book-a21-capa-couro-soft-caramelo-paisagem","status":"publish","type":"product","link":"https:\/\/www.livrariarema.com.br\/loja\/produtos\/biblias\/almeida-seculo-21\/biblia-the-purpose-book-a21-capa-couro-soft-caramelo-paisagem\/","title":{"rendered":"B\u00edblia The Purpose Book &#8211; A21 &#8211; Capa Couro-Soft &#8211; Caramelo &#8211; Paisagem"},"content":{"rendered":"<p>A The Purpose Book: B\u00edblia Sagrada \u00e9 a B\u00edblia da Purpose em um formato mais leve e compacto, ideal para te acompanhar na vida da igreja. Ela cabe perfeitamente em uma bolsa ou ecobag, possui manuseio agrad\u00e1vel e combina beleza e praticidade.<br \/>\nCom uma coluna de texto e tradu\u00e7\u00e3o Almeida S\u00e9culo 21, ela \u00e9 compacta e uma \u00f3tima op\u00e7\u00e3o para o culto. Nossa B\u00edblia conta com 3 modelos de plano de leitura: personalizado, 365 dias e cronol\u00f3gico. Al\u00e9m disso, o miolo tamb\u00e9m apresenta um novo m\u00e9todo para sinalizar os textos j\u00e1 lidos, o check de leitura de vers\u00edculos aglutinados, que facilita o controle de leituras j\u00e1 feitas.<br \/>\nAssim como a The Purpose Book: B\u00edblia de Anota\u00e7\u00f5es, a B\u00edblia Sagrada possui aberturas ilustradas e com letterings que ressaltam a revela\u00e7\u00e3o da pessoa de Cristo em cada livro, mas n\u00e3o possui espa\u00e7o pra anota\u00e7\u00f5es. Com novas capas em couro, trazemos B\u00edblias belas, compactas e resistentes, que te acompanhar\u00e3o por muito tempo e carregar\u00e3o os registros b\u00edblicos mais importantes da sua jornada crist\u00e3.<\/p>\n","protected":false},"excerpt":{"rendered":"<p>A The Purpose Book: B\u00edblia Sagrada \u00e9 a B\u00edblia da Purpose em um formato mais leve e compacto, ideal para&hellip;<\/p>\n","protected":false},"featured_media":331890,"comment_status":"open","ping_status":"closed","template":"","meta":[],"product_cat":[190,139],"product_tag":[],"_links":{"self":[{"href":"https:\/\/www.livrariarema.com.br\/loja\/wp-json\/wp\/v2\/product\/331891"}],"collection":[{"href":"https:\/\/www.livrariarema.com.br\/loja\/wp-json\/wp\/v2\/product"}],"about":[{"href":"https:\/\/www.livrariarema.com.br\/loja\/wp-json\/wp\/v2\/types\/product"}],"replies":[{"embeddable":true,"href":"https:\/\/www.livrariarema.com.br\/loja\/wp-json\/wp\/v2\/comments?post=331891"}],"wp:featuredmedia":[{"embeddable":true,"href":"https:\/\/www.livrariarema.com.br\/loja\/wp-json\/wp\/v2\/media\/331890"}],"wp:attachment":[{"href":"https:\/\/www.livrariarema.com.br\/loja\/wp-json\/wp\/v2\/media?parent=331891"}],"wp:term":[{"taxonomy":"product_cat","embeddable":true,"href":"https:\/\/www.livrariarema.com.br\/loja\/wp-json\/wp\/v2\/product_cat?post=331891"},{"taxonomy":"product_tag","embeddable":true,"href":"https:\/\/www.livrariarema.com.br\/loja\/wp-json\/wp\/v2\/product_tag?post=331891"}],"curies":[{"name":"wp","href":"https:\/\/api.w.org\/{rel}","templated":true}]}}