{"id":331935,"date":"2025-06-05T11:37:06","date_gmt":"2025-06-05T14:37:06","guid":{"rendered":"https:\/\/www.livrariarema.com.br\/loja\/produtos\/sem categoria\/guia-dos-pais-para-mentiras-em-que-os-meninos-acreditam-e-a-epica-busca-pela-verdade-erin-davis\/"},"modified":"2026-02-20T12:57:13","modified_gmt":"2026-02-20T15:57:13","slug":"guia-dos-pais-para-mentiras-em-que-os-meninos-acreditam-e-a-epica-busca-pela-verdade-erin-davis","status":"publish","type":"product","link":"https:\/\/www.livrariarema.com.br\/loja\/produtos\/livros\/educacao-crista\/guia-dos-pais-para-mentiras-em-que-os-meninos-acreditam-e-a-epica-busca-pela-verdade-erin-davis\/","title":{"rendered":"Guia Dos Pais Para Mentiras Em Que Os Meninos Acreditam E A \u00c9pica Busca Pela Verdade &#8211; Erin Davis"},"content":{"rendered":"<p>CONTRA O PODER DA MENTIRA, REAJA COM A VERDADE DE DEUS.<\/p>\n<p>Nossos meninos est\u00e3o crescendo em um mundo de enganos. S\u00e3o confrontados com mensagens contr\u00e1rias \u00e0 Palavra de Deus, com mentiras sobre quem s\u00e3o, o que significa ser homem e como devem viver. Mais cedo ou mais tarde, seu filho vai se deparar com mentiras desse tipo. Ele precisa de ferramentas apropriadas para escolher a Verdade. H\u00e1 esperan\u00e7a: com a ajuda de Deus, voc\u00ea pode ajudar esse jovem precioso a ficar firme. <\/p>\n<p>Este livro serve de complemento a outro: Mentiras em que os meninos acreditam, de Jason e Erin Davis, pais de quatro meninos. O objetivo \u00e9 p\u00f4r em pr\u00e1tica o arsenal de Verdade contido na Palavra de Deus; ele, repleto de insights b\u00edblicos, ajudar\u00e1 voc\u00ea a identificar as mentiras nas quais seu filho \u00e9 tentado a acreditar. Aprenda a abrir caminho em meio \u00e0 falsidade, ajudando seu filho a escolher a Verdade.<\/p>\n<p>N\u00e3o deixe de adquirir para seu filho o livro e, juntos, identificar as mentiras que precisam ser combatidas com a Verdade!<\/p>\n","protected":false},"excerpt":{"rendered":"<p>CONTRA O PODER DA MENTIRA, REAJA COM A VERDADE DE DEUS. Nossos meninos est\u00e3o crescendo em um mundo de enganos.&hellip;<\/p>\n","protected":false},"featured_media":344955,"comment_status":"open","ping_status":"closed","template":"","meta":[],"product_cat":[169,134],"product_tag":[],"_links":{"self":[{"href":"https:\/\/www.livrariarema.com.br\/loja\/wp-json\/wp\/v2\/product\/331935"}],"collection":[{"href":"https:\/\/www.livrariarema.com.br\/loja\/wp-json\/wp\/v2\/product"}],"about":[{"href":"https:\/\/www.livrariarema.com.br\/loja\/wp-json\/wp\/v2\/types\/product"}],"replies":[{"embeddable":true,"href":"https:\/\/www.livrariarema.com.br\/loja\/wp-json\/wp\/v2\/comments?post=331935"}],"wp:featuredmedia":[{"embeddable":true,"href":"https:\/\/www.livrariarema.com.br\/loja\/wp-json\/wp\/v2\/media\/344955"}],"wp:attachment":[{"href":"https:\/\/www.livrariarema.com.br\/loja\/wp-json\/wp\/v2\/media?parent=331935"}],"wp:term":[{"taxonomy":"product_cat","embeddable":true,"href":"https:\/\/www.livrariarema.com.br\/loja\/wp-json\/wp\/v2\/product_cat?post=331935"},{"taxonomy":"product_tag","embeddable":true,"href":"https:\/\/www.livrariarema.com.br\/loja\/wp-json\/wp\/v2\/product_tag?post=331935"}],"curies":[{"name":"wp","href":"https:\/\/api.w.org\/{rel}","templated":true}]}}