{"id":331937,"date":"2025-06-05T11:37:15","date_gmt":"2025-06-05T14:37:15","guid":{"rendered":"https:\/\/www.livrariarema.com.br\/loja\/produtos\/sem categoria\/mentiras-em-que-os-meninos-acreditam-e-a-epica-busca-pela-verdade-erin-davis-e-jason-davis\/"},"modified":"2026-02-20T13:22:54","modified_gmt":"2026-02-20T16:22:54","slug":"mentiras-em-que-os-meninos-acreditam-e-a-epica-busca-pela-verdade-erin-davis-e-jason-davis","status":"publish","type":"product","link":"https:\/\/www.livrariarema.com.br\/loja\/produtos\/livros\/juvenil\/mentiras-em-que-os-meninos-acreditam-e-a-epica-busca-pela-verdade-erin-davis-e-jason-davis\/","title":{"rendered":"Mentiras Em Que Os Meninos Acreditam E A \u00c9pica Busca Pela Verdade &#8211; Erin Davis E Jason Davis"},"content":{"rendered":"<p>COMBATER A MENTIRA \u00c9 UMA GRANDE AVENTURA!<\/p>\n<p>Voc\u00ea est\u00e1 prestes a embarcar em uma aventura para encontrar um tesouro escondido na B\u00edblia.<\/p>\n<p>Acompanhe os irm\u00e3os Lenny e Thomas King em uma viagem por estradas do interior norte-americano. Nessa expedi\u00e7\u00e3o fant\u00e1stica, voc\u00ea vai decifrar um criptograma em uma mina abandonada, montar em um cavalo, ajudar a tocar uma boiada e vai escalar uma montanha do Colorado. Ao mesmo tempo, vai descobrir que tem um inimigo e aprender a combater suas mentiras com a espada da Verdade. Abra sua B\u00edblia e descubra os tesouros da Verdade guardados para voc\u00ea.<\/p>\n<p>A AVENTURA VAI COME\u00c7AR!<\/p>\n<p>P.S.: Pe\u00e7a ao seu pai ou \u00e0 sua m\u00e3e que comprem um exemplar do Guia dos pais, assim eles poder\u00e3o acompanh\u00e1-lo nesta aventura!<\/p>\n","protected":false},"excerpt":{"rendered":"<p>COMBATER A MENTIRA \u00c9 UMA GRANDE AVENTURA! Voc\u00ea est\u00e1 prestes a embarcar em uma aventura para encontrar um tesouro escondido&hellip;<\/p>\n","protected":false},"featured_media":345031,"comment_status":"open","ping_status":"closed","template":"","meta":[],"product_cat":[184,134],"product_tag":[],"_links":{"self":[{"href":"https:\/\/www.livrariarema.com.br\/loja\/wp-json\/wp\/v2\/product\/331937"}],"collection":[{"href":"https:\/\/www.livrariarema.com.br\/loja\/wp-json\/wp\/v2\/product"}],"about":[{"href":"https:\/\/www.livrariarema.com.br\/loja\/wp-json\/wp\/v2\/types\/product"}],"replies":[{"embeddable":true,"href":"https:\/\/www.livrariarema.com.br\/loja\/wp-json\/wp\/v2\/comments?post=331937"}],"wp:featuredmedia":[{"embeddable":true,"href":"https:\/\/www.livrariarema.com.br\/loja\/wp-json\/wp\/v2\/media\/345031"}],"wp:attachment":[{"href":"https:\/\/www.livrariarema.com.br\/loja\/wp-json\/wp\/v2\/media?parent=331937"}],"wp:term":[{"taxonomy":"product_cat","embeddable":true,"href":"https:\/\/www.livrariarema.com.br\/loja\/wp-json\/wp\/v2\/product_cat?post=331937"},{"taxonomy":"product_tag","embeddable":true,"href":"https:\/\/www.livrariarema.com.br\/loja\/wp-json\/wp\/v2\/product_tag?post=331937"}],"curies":[{"name":"wp","href":"https:\/\/api.w.org\/{rel}","templated":true}]}}