{"id":331943,"date":"2025-06-05T11:37:33","date_gmt":"2025-06-05T14:37:33","guid":{"rendered":"https:\/\/www.livrariarema.com.br\/loja\/produtos\/sem categoria\/drama-das-escrituras-o-michael-w-goheen-e-craig-g-bartholomew\/"},"modified":"2026-02-20T12:57:30","modified_gmt":"2026-02-20T15:57:30","slug":"drama-das-escrituras-o-michael-w-goheen-e-craig-g-bartholomew","status":"publish","type":"product","link":"https:\/\/www.livrariarema.com.br\/loja\/produtos\/livros\/estudo-biblico\/drama-das-escrituras-o-michael-w-goheen-e-craig-g-bartholomew\/","title":{"rendered":"Drama Das Escrituras, O &#8211; Michael W. Goheen E Craig G. Bartholomew"},"content":{"rendered":"<p>A hist\u00f3ria da B\u00edblia e seu relato do agir de Deus no mundo d\u00e3o sentido \u00e0s nossas vidas e fundamento para nossas a\u00e7\u00f5es. <\/p>\n<p>Neste best seller, Craig Bartholomew e Michael Goheen exploram a grande narrativa da B\u00edblia, demonstrando como a hist\u00f3ria b\u00edblica fundamenta a cosmovis\u00e3o crist\u00e3. Ao considerar a hist\u00f3ria b\u00edblica, os autores enfatizam a unidade do todo, enxergando a B\u00edblia como um drama dividido em seis atos: Cria\u00e7\u00e3o, pecado, Israel, Cristo, igreja e nova cria\u00e7\u00e3o. Dois temas abrangentes &#8211; a alian\u00e7a no Antigo Testamento e o reino no Novo Testamento &#8211; amarram toda a hist\u00f3ria b\u00edblica. Os autores prop\u00f5em que, por toda parte, Deus \u00e9 revelado por meio da hist\u00f3ria e nos chama a participar de seu drama.<\/p>\n","protected":false},"excerpt":{"rendered":"<p>A hist\u00f3ria da B\u00edblia e seu relato do agir de Deus no mundo d\u00e3o sentido \u00e0s nossas vidas e fundamento&hellip;<\/p>\n","protected":false},"featured_media":344957,"comment_status":"open","ping_status":"closed","template":"","meta":[],"product_cat":[161,134],"product_tag":[],"_links":{"self":[{"href":"https:\/\/www.livrariarema.com.br\/loja\/wp-json\/wp\/v2\/product\/331943"}],"collection":[{"href":"https:\/\/www.livrariarema.com.br\/loja\/wp-json\/wp\/v2\/product"}],"about":[{"href":"https:\/\/www.livrariarema.com.br\/loja\/wp-json\/wp\/v2\/types\/product"}],"replies":[{"embeddable":true,"href":"https:\/\/www.livrariarema.com.br\/loja\/wp-json\/wp\/v2\/comments?post=331943"}],"wp:featuredmedia":[{"embeddable":true,"href":"https:\/\/www.livrariarema.com.br\/loja\/wp-json\/wp\/v2\/media\/344957"}],"wp:attachment":[{"href":"https:\/\/www.livrariarema.com.br\/loja\/wp-json\/wp\/v2\/media?parent=331943"}],"wp:term":[{"taxonomy":"product_cat","embeddable":true,"href":"https:\/\/www.livrariarema.com.br\/loja\/wp-json\/wp\/v2\/product_cat?post=331943"},{"taxonomy":"product_tag","embeddable":true,"href":"https:\/\/www.livrariarema.com.br\/loja\/wp-json\/wp\/v2\/product_tag?post=331943"}],"curies":[{"name":"wp","href":"https:\/\/api.w.org\/{rel}","templated":true}]}}