{"id":331945,"date":"2025-06-05T11:37:39","date_gmt":"2025-06-05T14:37:39","guid":{"rendered":"https:\/\/www.livrariarema.com.br\/loja\/produtos\/sem%20categoria\/felizes-mesmo-depois-deixe-deus-redimir-seu-casamento-dannah-gresh\/"},"modified":"2026-02-20T12:57:40","modified_gmt":"2026-02-20T15:57:40","slug":"felizes-mesmo-depois-deixe-deus-redimir-seu-casamento-dannah-gresh","status":"publish","type":"product","link":"https:\/\/www.livrariarema.com.br\/loja\/produtos\/livros\/casamento\/felizes-mesmo-depois-deixe-deus-redimir-seu-casamento-dannah-gresh\/","title":{"rendered":"Felizes Mesmo Depois &#8211; Deixe Deus Redimir Seu Casamento &#8211; Dannah Gresh"},"content":{"rendered":"<p>Jesus pode redimir as \u00e1reas despeda\u00e7adas de seu casamento<\/p>\n<p>Ser\u00e1 que o &#8220;felizes para sempre&#8221; \u00e9 um mito ou voc\u00ea pode viver essa experi\u00eancia com mais intensidade ainda? O casamento n\u00e3o \u00e9 um mar de rosas ap\u00f3s a lua de mel; ao contr\u00e1rio, o casamento \u00e9 dif\u00edcil. Talvez voc\u00ea esteja passando por uma fase de lutas, pensando que ser\u00e1 o fim.<\/p>\n<p>Em Felizes mesmo depois, Dannah Gresh e seu esposo, Bob, compartilham como enfrentaram esse per\u00edodo dif\u00edcil. O casal, no entanto, decidiu participar da hist\u00f3ria divina da reden\u00e7\u00e3o. Juntos, descobriram algo melhor: um amor que perdura, n\u00e3o um romance.<\/p>\n<p>Se seu relacionamento sofre por causa da pornografia, v\u00edcio, adult\u00e9rio ou anos de infelicidade, Jesus Cristo pode lhe ajudar a redimir as \u00e1reas despeda\u00e7adas de seu casamento. Neste livro, Dannah \u00e9 uma amiga que caminha ao seu lado para lhe ajudar a:<br \/>\nparar de fingir que est\u00e1 tudo bem;<br \/>\nfortalecer-lhe no Senhor;<br \/>\nlutar ao lado de seu marido, n\u00e3o lutar contra ele;<br \/>\ndescobrir 7 verdades fundamentais que cada casamento precisa para resistir aos momentos dif\u00edceis;<br \/>\nparticipar da hist\u00f3ria da reden\u00e7\u00e3o de seu marido.<\/p>\n<p>Dannah demonstra como perdoar, viver com alegria e manter a confian\u00e7a enquanto voc\u00ea participa do que Deus est\u00e1 fazendo na reden\u00e7\u00e3o de seu marido. Voc\u00ea pode ter a sensa\u00e7\u00e3o de que sua hist\u00f3ria j\u00e1 acabou, mas ningu\u00e9m escreve um final melhor &#8211; ou mais feliz &#8211; do que Jesus.<\/p>\n","protected":false},"excerpt":{"rendered":"<p>Jesus pode redimir as \u00e1reas despeda\u00e7adas de seu casamento Ser\u00e1 que o &#8220;felizes para sempre&#8221; \u00e9 um mito ou voc\u00ea&hellip;<\/p>\n","protected":false},"featured_media":344958,"comment_status":"open","ping_status":"closed","template":"","meta":[],"product_cat":[155,134],"product_tag":[],"_links":{"self":[{"href":"https:\/\/www.livrariarema.com.br\/loja\/wp-json\/wp\/v2\/product\/331945"}],"collection":[{"href":"https:\/\/www.livrariarema.com.br\/loja\/wp-json\/wp\/v2\/product"}],"about":[{"href":"https:\/\/www.livrariarema.com.br\/loja\/wp-json\/wp\/v2\/types\/product"}],"replies":[{"embeddable":true,"href":"https:\/\/www.livrariarema.com.br\/loja\/wp-json\/wp\/v2\/comments?post=331945"}],"wp:featuredmedia":[{"embeddable":true,"href":"https:\/\/www.livrariarema.com.br\/loja\/wp-json\/wp\/v2\/media\/344958"}],"wp:attachment":[{"href":"https:\/\/www.livrariarema.com.br\/loja\/wp-json\/wp\/v2\/media?parent=331945"}],"wp:term":[{"taxonomy":"product_cat","embeddable":true,"href":"https:\/\/www.livrariarema.com.br\/loja\/wp-json\/wp\/v2\/product_cat?post=331945"},{"taxonomy":"product_tag","embeddable":true,"href":"https:\/\/www.livrariarema.com.br\/loja\/wp-json\/wp\/v2\/product_tag?post=331945"}],"curies":[{"name":"wp","href":"https:\/\/api.w.org\/{rel}","templated":true}]}}