{"id":331947,"date":"2025-06-05T11:37:44","date_gmt":"2025-06-05T14:37:44","guid":{"rendered":"https:\/\/www.livrariarema.com.br\/loja\/produtos\/sem categoria\/garotas-sabias-em-um-mundo-selvagem-mary-a-kassian\/"},"modified":"2026-02-20T12:57:52","modified_gmt":"2026-02-20T15:57:52","slug":"garotas-sabias-em-um-mundo-selvagem-mary-a-kassian","status":"publish","type":"product","link":"https:\/\/www.livrariarema.com.br\/loja\/produtos\/livros\/casamento\/garotas-sabias-em-um-mundo-selvagem-mary-a-kassian\/","title":{"rendered":"Garotas S\u00e1bias Em Um Mundo Selvagem &#8211; Mary A. Kassian"},"content":{"rendered":"<p>Onde est\u00e3o as garotas s\u00e1bias?<\/p>\n<p>As garotas se rebelaram! E n\u00e3o estamos falando sobre um livro de fantasia ou uma estrela do \u00faltimo filme que bombou. Estamos falando da garota que est\u00e1 bem ao seu lado, sua melhor amiga ou algu\u00e9m de sua fam\u00edlia. Ela pode at\u00e9 mesmo ser voc\u00ea. E a raz\u00e3o \u00e9 simples: o desejo, a emo\u00e7\u00e3o e a divers\u00e3o s\u00e3o reais. <\/p>\n<p>Mary Kassian sabe disso. E sabe da devasta\u00e7\u00e3o e da m\u00e1goa que a falta de sabedoria pode causar. Por essa raz\u00e3o, devemos refletir sobre os insights que ela tira de Prov\u00e9rbios sobre as diferen\u00e7as entre a Rebelde atrevida e sedutora e a Sabedoria b\u00edblica e inteligente.<\/p>\n<p>Voc\u00ea ser\u00e1 cativada, desafiada e encorajada a ser bem mais do que o modelo de mulher perfeita segundo o mundo. Em outras palavras, voc\u00ea ser\u00e1 a pessoa que o Pai e Amigo celestial sempre desejou que voc\u00ea fosse: uma garota s\u00e1bia em um mundo selvagem.<\/p>\n","protected":false},"excerpt":{"rendered":"<p>Onde est\u00e3o as garotas s\u00e1bias? As garotas se rebelaram! E n\u00e3o estamos falando sobre um livro de fantasia ou uma&hellip;<\/p>\n","protected":false},"featured_media":344959,"comment_status":"open","ping_status":"closed","template":"","meta":[],"product_cat":[155,134],"product_tag":[],"_links":{"self":[{"href":"https:\/\/www.livrariarema.com.br\/loja\/wp-json\/wp\/v2\/product\/331947"}],"collection":[{"href":"https:\/\/www.livrariarema.com.br\/loja\/wp-json\/wp\/v2\/product"}],"about":[{"href":"https:\/\/www.livrariarema.com.br\/loja\/wp-json\/wp\/v2\/types\/product"}],"replies":[{"embeddable":true,"href":"https:\/\/www.livrariarema.com.br\/loja\/wp-json\/wp\/v2\/comments?post=331947"}],"wp:featuredmedia":[{"embeddable":true,"href":"https:\/\/www.livrariarema.com.br\/loja\/wp-json\/wp\/v2\/media\/344959"}],"wp:attachment":[{"href":"https:\/\/www.livrariarema.com.br\/loja\/wp-json\/wp\/v2\/media?parent=331947"}],"wp:term":[{"taxonomy":"product_cat","embeddable":true,"href":"https:\/\/www.livrariarema.com.br\/loja\/wp-json\/wp\/v2\/product_cat?post=331947"},{"taxonomy":"product_tag","embeddable":true,"href":"https:\/\/www.livrariarema.com.br\/loja\/wp-json\/wp\/v2\/product_tag?post=331947"}],"curies":[{"name":"wp","href":"https:\/\/api.w.org\/{rel}","templated":true}]}}