{"id":331976,"date":"2025-06-05T11:40:00","date_gmt":"2025-06-05T14:40:00","guid":{"rendered":"https:\/\/www.livrariarema.com.br\/loja\/produtos\/sem%20categoria\/dicionario-de-palavras-expressoes-interpretacao-e-curiosidades-biblicas-elias-soares-de-moraes\/"},"modified":"2026-02-20T12:58:12","modified_gmt":"2026-02-20T15:58:12","slug":"dicionario-de-palavras-expressoes-interpretacao-e-curiosidades-biblicas-elias-soares-de-moraes","status":"publish","type":"product","link":"https:\/\/www.livrariarema.com.br\/loja\/produtos\/livros\/dicionario-gramatica\/dicionario-de-palavras-expressoes-interpretacao-e-curiosidades-biblicas-elias-soares-de-moraes\/","title":{"rendered":"Dicion\u00e1rio De Palavras, Express\u00f5es, Interpreta\u00e7\u00e3o E Curiosidades B\u00edblicas &#8211; Elias Soares De Moraes"},"content":{"rendered":"<p>DICION\u00c1RIO de palavras, express\u00f5es, interpreta\u00e7\u00e3o e curiosidades B\u00edblicas<\/p>\n<p>Depois de alguns anos de pesquisa, para a gl\u00f3ria de Deus, o Pr. Elias Soares de Moraes, atrav\u00e9s da Editora Beit Shalom, tem o prazer de trazer a p\u00fablico o DICION\u00c1RIO DE PALAVRAS, EXPRESS\u00d5ES, INTERPRETA\u00c7\u00c3O E CURIOSIDADES B\u00cdBLICAS.<\/p>\n<p>Uma obra voltada para pastores, l\u00edderes, professores, seminaristas, estudiosos e para todos aqueles que desejam e querem conhecer melhor a palavra de Deus. Confeccionado em capa dura, a obra oferece mais de 1100 p\u00e1ginas de puro conte\u00fado b\u00edblico, teol\u00f3gico, lingu\u00edstico, hist\u00f3rico e cultural.<\/p>\n<p>O Dicion\u00e1rio de Palavras, Express\u00f5es, Interpreta\u00e7\u00e3o e Curiosidades B\u00edblicas \u00e9 uma ferramenta muito \u00fatil, trazendo interpreta\u00e7\u00f5es de textos e express\u00f5es dif\u00edceis da B\u00edblia. Alguns exemplos: &#8220;Quem endureceu o cora\u00e7\u00e3o de Fara\u00f3?&#8221;, &#8220;Quem apareceu pra Saul?&#8221;. O que significam as express\u00f5es: &#8220;Muitos s\u00e3o chamados, mas poucos escolhidos&#8221;, &#8220;N\u00e3o passar\u00e1 esta gera\u00e7\u00e3o&#8221;, &#8220;Onde estiver o cad\u00e1ver a\u00ed se ajuntar\u00e3o as \u00e1guias&#8221;, e muito mais.<\/p>\n<p>Voc\u00ea ainda encontrar\u00e1 no Dicion\u00e1rio de Palavras, Express\u00f5es, Interpreta\u00e7\u00e3o e Curiosidades B\u00edblicas, um farto material sobre predestina\u00e7\u00e3o e livre arb\u00edtrio, com interpreta\u00e7\u00e3o dos textos mais pol\u00eamicos sobre calvinismo e arminianismo, a origem, etimologia e significado, no grego, hebraico, latim e aramaico, de mais de 5.000 nomes b\u00edblicos e extrab\u00edblicos.<\/p>\n","protected":false},"excerpt":{"rendered":"<p>DICION\u00c1RIO de palavras, express\u00f5es, interpreta\u00e7\u00e3o e curiosidades B\u00edblicas Depois de alguns anos de pesquisa, para a gl\u00f3ria de Deus, o&hellip;<\/p>\n","protected":false},"featured_media":344964,"comment_status":"open","ping_status":"closed","template":"","meta":[],"product_cat":[159,134],"product_tag":[],"_links":{"self":[{"href":"https:\/\/www.livrariarema.com.br\/loja\/wp-json\/wp\/v2\/product\/331976"}],"collection":[{"href":"https:\/\/www.livrariarema.com.br\/loja\/wp-json\/wp\/v2\/product"}],"about":[{"href":"https:\/\/www.livrariarema.com.br\/loja\/wp-json\/wp\/v2\/types\/product"}],"replies":[{"embeddable":true,"href":"https:\/\/www.livrariarema.com.br\/loja\/wp-json\/wp\/v2\/comments?post=331976"}],"wp:featuredmedia":[{"embeddable":true,"href":"https:\/\/www.livrariarema.com.br\/loja\/wp-json\/wp\/v2\/media\/344964"}],"wp:attachment":[{"href":"https:\/\/www.livrariarema.com.br\/loja\/wp-json\/wp\/v2\/media?parent=331976"}],"wp:term":[{"taxonomy":"product_cat","embeddable":true,"href":"https:\/\/www.livrariarema.com.br\/loja\/wp-json\/wp\/v2\/product_cat?post=331976"},{"taxonomy":"product_tag","embeddable":true,"href":"https:\/\/www.livrariarema.com.br\/loja\/wp-json\/wp\/v2\/product_tag?post=331976"}],"curies":[{"name":"wp","href":"https:\/\/api.w.org\/{rel}","templated":true}]}}