{"id":331988,"date":"2025-06-05T11:42:19","date_gmt":"2025-06-05T14:42:19","guid":{"rendered":"https:\/\/www.livrariarema.com.br\/loja\/produtos\/sem categoria\/como-nao-ler-a-biblia-dan-kimball\/"},"modified":"2025-09-08T10:22:23","modified_gmt":"2025-09-08T13:22:23","slug":"como-nao-ler-a-biblia-dan-kimball","status":"publish","type":"product","link":"https:\/\/www.livrariarema.com.br\/loja\/produtos\/livros\/devocional\/como-nao-ler-a-biblia-dan-kimball\/","title":{"rendered":"Como (N\u00e3o) Ler A B\u00edblia &#8211; Dan Kimball"},"content":{"rendered":"<p>O livro que ajudar\u00e1 voc\u00ea a comprender alguns mist\u00e9rios da B\u00edblia e a responder as perguntas mais esquisitas que podem fazer a voc\u00ea sobre a sua f\u00e9!<\/p>\n","protected":false},"excerpt":{"rendered":"<p>O livro que ajudar\u00e1 voc\u00ea a comprender alguns mist\u00e9rios da B\u00edblia e a responder as perguntas mais esquisitas que podem&hellip;<\/p>\n","protected":false},"featured_media":336319,"comment_status":"open","ping_status":"closed","template":"","meta":[],"product_cat":[158,134],"product_tag":[],"_links":{"self":[{"href":"https:\/\/www.livrariarema.com.br\/loja\/wp-json\/wp\/v2\/product\/331988"}],"collection":[{"href":"https:\/\/www.livrariarema.com.br\/loja\/wp-json\/wp\/v2\/product"}],"about":[{"href":"https:\/\/www.livrariarema.com.br\/loja\/wp-json\/wp\/v2\/types\/product"}],"replies":[{"embeddable":true,"href":"https:\/\/www.livrariarema.com.br\/loja\/wp-json\/wp\/v2\/comments?post=331988"}],"wp:featuredmedia":[{"embeddable":true,"href":"https:\/\/www.livrariarema.com.br\/loja\/wp-json\/wp\/v2\/media\/336319"}],"wp:attachment":[{"href":"https:\/\/www.livrariarema.com.br\/loja\/wp-json\/wp\/v2\/media?parent=331988"}],"wp:term":[{"taxonomy":"product_cat","embeddable":true,"href":"https:\/\/www.livrariarema.com.br\/loja\/wp-json\/wp\/v2\/product_cat?post=331988"},{"taxonomy":"product_tag","embeddable":true,"href":"https:\/\/www.livrariarema.com.br\/loja\/wp-json\/wp\/v2\/product_tag?post=331988"}],"curies":[{"name":"wp","href":"https:\/\/api.w.org\/{rel}","templated":true}]}}