{"id":331990,"date":"2025-06-05T11:42:49","date_gmt":"2025-06-05T14:42:49","guid":{"rendered":"https:\/\/www.livrariarema.com.br\/loja\/produtos\/sem%20categoria\/espiritualidade-que-transforma-chip-ingram\/"},"modified":"2025-12-01T12:10:49","modified_gmt":"2025-12-01T15:10:49","slug":"espiritualidade-que-transforma-chip-ingram","status":"publish","type":"product","link":"https:\/\/www.livrariarema.com.br\/loja\/produtos\/livros\/espiritualidade\/espiritualidade-que-transforma-chip-ingram\/","title":{"rendered":"Espiritualidade Que Transforma &#8211; Chip Ingram"},"content":{"rendered":"<p>Os crist\u00e3os de hoje vivem em um mundo com atividades intensas e relacionamentos superficiais. O resultado \u00e9 um vazio espiritual. Lutamos para saber o que Deus quer de n\u00f3s e para n\u00f3s&#8230; e n\u00e3o temos certeza de como realmente \u00e9 um relacionamento com Deus. Por\u00e9m, esse nunca foi o plano de Deus. O conceito de Deus sobre f\u00e9 n\u00e3o tem a ver com regras ou religi\u00e3o &#8211; trata-se de relacionamento. \u00c9 a\u00ed que Deus nos orienta por onde come\u00e7ar. Em Romanos 12, Deus nos d\u00e1 uma vis\u00e3o clara de como os crist\u00e3os deveriam ser no n\u00edvel da raiz. Se voc\u00ea est\u00e1 pronto para sair do n\u00edvel de apenas &#8220;participar&#8221; para &#8220;entrar com tudo&#8221;, ent\u00e3o voc\u00ea est\u00e1 pronto para se tornar um crist\u00e3o segundo Romanos 12. Os pr\u00f3ximos passos da sua jornada em dire\u00e7\u00e3o \u00e0 verdadeira espiritualidade come\u00e7am aqui.<\/p>\n","protected":false},"excerpt":{"rendered":"<p>Os crist\u00e3os de hoje vivem em um mundo com atividades intensas e relacionamentos superficiais. O resultado \u00e9 um vazio espiritual.&hellip;<\/p>\n","protected":false},"featured_media":340372,"comment_status":"open","ping_status":"closed","template":"","meta":[],"product_cat":[160,134],"product_tag":[],"_links":{"self":[{"href":"https:\/\/www.livrariarema.com.br\/loja\/wp-json\/wp\/v2\/product\/331990"}],"collection":[{"href":"https:\/\/www.livrariarema.com.br\/loja\/wp-json\/wp\/v2\/product"}],"about":[{"href":"https:\/\/www.livrariarema.com.br\/loja\/wp-json\/wp\/v2\/types\/product"}],"replies":[{"embeddable":true,"href":"https:\/\/www.livrariarema.com.br\/loja\/wp-json\/wp\/v2\/comments?post=331990"}],"wp:featuredmedia":[{"embeddable":true,"href":"https:\/\/www.livrariarema.com.br\/loja\/wp-json\/wp\/v2\/media\/340372"}],"wp:attachment":[{"href":"https:\/\/www.livrariarema.com.br\/loja\/wp-json\/wp\/v2\/media?parent=331990"}],"wp:term":[{"taxonomy":"product_cat","embeddable":true,"href":"https:\/\/www.livrariarema.com.br\/loja\/wp-json\/wp\/v2\/product_cat?post=331990"},{"taxonomy":"product_tag","embeddable":true,"href":"https:\/\/www.livrariarema.com.br\/loja\/wp-json\/wp\/v2\/product_tag?post=331990"}],"curies":[{"name":"wp","href":"https:\/\/api.w.org\/{rel}","templated":true}]}}