{"id":331992,"date":"2025-06-05T11:43:00","date_gmt":"2025-06-05T14:43:00","guid":{"rendered":"https:\/\/www.livrariarema.com.br\/loja\/produtos\/sem categoria\/familia-para-sempre-carlito-paes\/"},"modified":"2025-09-03T13:29:07","modified_gmt":"2025-09-03T16:29:07","slug":"familia-para-sempre-carlito-paes","status":"publish","type":"product","link":"https:\/\/www.livrariarema.com.br\/loja\/produtos\/livros\/familia\/familia-para-sempre-carlito-paes\/","title":{"rendered":"Fam\u00edlia Para Sempre &#8211; Carlito Paes"},"content":{"rendered":"<p>A cena \u00e9 t\u00edpica. Est\u00e3o todos sentados ao redor da mesa para um almo\u00e7o, aproveitando um dos raros momentos em que todos da fam\u00edlia est\u00e3o juntos. Uma crian\u00e7a, de repente, entorna um copo de suco sobre a toalha. A confus\u00e3o est\u00e1 armada. O pai subitamente se transforma no Incr\u00edvel Hulk; a m\u00e3e, consternada, trata de arrumar a bagun\u00e7a o mais r\u00e1pido que consegue; os filhos ficam chateados; e toda a comida parece perder o sabor. Ser\u00e1 que vale a pena? Desfrute de um material b\u00edblico e pr\u00e1tico para investir na sa\u00fade da sua fam\u00edlia. Sua fam\u00edlia n\u00e3o \u00e9 perfeita &#8211; isso seria uma ilus\u00e3o &#8211; mas que ela seja sempre a sua fam\u00edlia e melhor a cada dia. Ame sua fam\u00edlia e lute por ela. Se voc\u00ea for melhor, sua fam\u00edlia tamb\u00e9m ser\u00e1!<\/p>\n","protected":false},"excerpt":{"rendered":"<p>A cena \u00e9 t\u00edpica. Est\u00e3o todos sentados ao redor da mesa para um almo\u00e7o, aproveitando um dos raros momentos em&hellip;<\/p>\n","protected":false},"featured_media":331991,"comment_status":"open","ping_status":"closed","template":"","meta":[],"product_cat":[178,134],"product_tag":[],"_links":{"self":[{"href":"https:\/\/www.livrariarema.com.br\/loja\/wp-json\/wp\/v2\/product\/331992"}],"collection":[{"href":"https:\/\/www.livrariarema.com.br\/loja\/wp-json\/wp\/v2\/product"}],"about":[{"href":"https:\/\/www.livrariarema.com.br\/loja\/wp-json\/wp\/v2\/types\/product"}],"replies":[{"embeddable":true,"href":"https:\/\/www.livrariarema.com.br\/loja\/wp-json\/wp\/v2\/comments?post=331992"}],"wp:featuredmedia":[{"embeddable":true,"href":"https:\/\/www.livrariarema.com.br\/loja\/wp-json\/wp\/v2\/media\/331991"}],"wp:attachment":[{"href":"https:\/\/www.livrariarema.com.br\/loja\/wp-json\/wp\/v2\/media?parent=331992"}],"wp:term":[{"taxonomy":"product_cat","embeddable":true,"href":"https:\/\/www.livrariarema.com.br\/loja\/wp-json\/wp\/v2\/product_cat?post=331992"},{"taxonomy":"product_tag","embeddable":true,"href":"https:\/\/www.livrariarema.com.br\/loja\/wp-json\/wp\/v2\/product_tag?post=331992"}],"curies":[{"name":"wp","href":"https:\/\/api.w.org\/{rel}","templated":true}]}}