{"id":331994,"date":"2025-06-05T11:43:08","date_gmt":"2025-06-05T14:43:08","guid":{"rendered":"https:\/\/www.livrariarema.com.br\/loja\/produtos\/sem categoria\/cobertura-espiritual-da-familia-carlito-e-leila-paes\/"},"modified":"2025-10-22T15:32:28","modified_gmt":"2025-10-22T18:32:28","slug":"cobertura-espiritual-da-familia-carlito-e-leila-paes","status":"publish","type":"product","link":"https:\/\/www.livrariarema.com.br\/loja\/produtos\/livros\/familia\/cobertura-espiritual-da-familia-carlito-e-leila-paes\/","title":{"rendered":"Cobertura Espiritual Da Fam\u00edlia &#8211; Carlito E Leila Paes"},"content":{"rendered":"<p>Infelizmente, muitas fam\u00edlias est\u00e3o perdendo a batalha na guerra espiritual por falta de conhecimento adequado da Palavra de Deus.<\/p>\n","protected":false},"excerpt":{"rendered":"<p>Infelizmente, muitas fam\u00edlias est\u00e3o perdendo a batalha na guerra espiritual por falta de conhecimento adequado da Palavra de Deus.<\/p>\n","protected":false},"featured_media":331993,"comment_status":"open","ping_status":"closed","template":"","meta":[],"product_cat":[178,134],"product_tag":[],"_links":{"self":[{"href":"https:\/\/www.livrariarema.com.br\/loja\/wp-json\/wp\/v2\/product\/331994"}],"collection":[{"href":"https:\/\/www.livrariarema.com.br\/loja\/wp-json\/wp\/v2\/product"}],"about":[{"href":"https:\/\/www.livrariarema.com.br\/loja\/wp-json\/wp\/v2\/types\/product"}],"replies":[{"embeddable":true,"href":"https:\/\/www.livrariarema.com.br\/loja\/wp-json\/wp\/v2\/comments?post=331994"}],"wp:featuredmedia":[{"embeddable":true,"href":"https:\/\/www.livrariarema.com.br\/loja\/wp-json\/wp\/v2\/media\/331993"}],"wp:attachment":[{"href":"https:\/\/www.livrariarema.com.br\/loja\/wp-json\/wp\/v2\/media?parent=331994"}],"wp:term":[{"taxonomy":"product_cat","embeddable":true,"href":"https:\/\/www.livrariarema.com.br\/loja\/wp-json\/wp\/v2\/product_cat?post=331994"},{"taxonomy":"product_tag","embeddable":true,"href":"https:\/\/www.livrariarema.com.br\/loja\/wp-json\/wp\/v2\/product_tag?post=331994"}],"curies":[{"name":"wp","href":"https:\/\/api.w.org\/{rel}","templated":true}]}}