{"id":332000,"date":"2025-06-05T11:43:38","date_gmt":"2025-06-05T14:43:38","guid":{"rendered":"https:\/\/www.livrariarema.com.br\/loja\/produtos\/sem categoria\/vida-profundamente-formada-a-rich-villodas\/"},"modified":"2025-07-08T07:54:29","modified_gmt":"2025-07-08T10:54:29","slug":"vida-profundamente-formada-a-rich-villodas","status":"publish","type":"product","link":"https:\/\/www.livrariarema.com.br\/loja\/produtos\/livros\/vida-crista\/vida-profundamente-formada-a-rich-villodas\/","title":{"rendered":"Vida Profundamente Formada, A &#8211; Rich Villodas"},"content":{"rendered":"<p>Nesta relevante obra para os dias atuais, o autor, Rich Villodas, oferece uma perspectiva sobre como viver um cristianismo profundo nos principais desafios que enfrentamos na sociedade p\u00f3s-moderna, mesmo em meio a uma rotina agitada com ritmos fren\u00e9ticos.<\/p>\n<p>Existem 5 princ\u00edpios espirituais que devem nortear esse processo:<br \/>\n1. Mon\u00e1stico: desligue-se deste mundo barulhento para cuidar de sua alma;<br \/>\n2. Sa\u00fade Emocional: o amor profundo n\u00e3o surge em po\u00e7os rasos;<br \/>\n3. Sexualidade sadia: como o nosso corpo se conecta com a nossa espiritualidade;<br \/>\n4. Multirracial: uma abordagem espiritual e \u00edntima em busca da justi\u00e7a racial;<br \/>\n5. Mission\u00e1rio: ser as m\u00e3os e p\u00e9s de Jesus em um mundo consumista.<\/p>\n<p>Este livro \u00e9 para qualquer pessoa que deseja viver um cristianismo integral na sua maneira de lidar com as principais \u00e1reas da vida.<\/p>\n","protected":false},"excerpt":{"rendered":"<p>Nesta relevante obra para os dias atuais, o autor, Rich Villodas, oferece uma perspectiva sobre como viver um cristianismo profundo&hellip;<\/p>\n","protected":false},"featured_media":331999,"comment_status":"open","ping_status":"closed","template":"","meta":[],"product_cat":[134,137],"product_tag":[],"_links":{"self":[{"href":"https:\/\/www.livrariarema.com.br\/loja\/wp-json\/wp\/v2\/product\/332000"}],"collection":[{"href":"https:\/\/www.livrariarema.com.br\/loja\/wp-json\/wp\/v2\/product"}],"about":[{"href":"https:\/\/www.livrariarema.com.br\/loja\/wp-json\/wp\/v2\/types\/product"}],"replies":[{"embeddable":true,"href":"https:\/\/www.livrariarema.com.br\/loja\/wp-json\/wp\/v2\/comments?post=332000"}],"wp:featuredmedia":[{"embeddable":true,"href":"https:\/\/www.livrariarema.com.br\/loja\/wp-json\/wp\/v2\/media\/331999"}],"wp:attachment":[{"href":"https:\/\/www.livrariarema.com.br\/loja\/wp-json\/wp\/v2\/media?parent=332000"}],"wp:term":[{"taxonomy":"product_cat","embeddable":true,"href":"https:\/\/www.livrariarema.com.br\/loja\/wp-json\/wp\/v2\/product_cat?post=332000"},{"taxonomy":"product_tag","embeddable":true,"href":"https:\/\/www.livrariarema.com.br\/loja\/wp-json\/wp\/v2\/product_tag?post=332000"}],"curies":[{"name":"wp","href":"https:\/\/api.w.org\/{rel}","templated":true}]}}