{"id":332109,"date":"2025-06-10T12:15:50","date_gmt":"2025-06-10T15:15:50","guid":{"rendered":"https:\/\/www.livrariarema.com.br\/loja\/produtos\/sem categoria\/dom-resmungalote-e-o-dragao-brigao-rachel-jankovic\/"},"modified":"2026-03-20T11:44:57","modified_gmt":"2026-03-20T14:44:57","slug":"dom-resmungalote-e-o-dragao-brigao-rachel-jankovic","status":"publish","type":"product","link":"https:\/\/www.livrariarema.com.br\/loja\/produtos\/livros\/infantil\/dom-resmungalote-e-o-dragao-brigao-rachel-jankovic\/","title":{"rendered":"Dom Resmungalote E O Drag\u00e3o Brig\u00e3o &#8211; Rachel Jankovic"},"content":{"rendered":"<p>Um Livro Infantil Sobre Sentimentos Grandes e Raivosos para Ajudar a Aprender o Poder de Escolher Ser Grato e Assumir o Controle das Emo\u00e7\u00f5es<\/p>\n<p>Em um pequeno reino encantado, o castelo de Dom Resmungalote desmorona&#8230; de novo! Ele bate os p\u00e9s e berra, sem saber que o Drag\u00e3o Brig\u00e3o est\u00e1 logo atr\u00e1s, transformando seus urros em um choramingo de frustra\u00e7\u00e3o. Quando Dom Resmungalote finalmente percebe o que arru\u00edna seu reino, ele precisa encontrar uma forma de banir o drag\u00e3o para sempre.<\/p>\n<p>Seu filho ficar\u00e1 cativado por este guia divertido para o autocontrole emocional, com ilustra\u00e7\u00f5es exuberantes de Forrest Dickison. Se sua crian\u00e7a enfrenta dificuldades com a raiva, esta ador\u00e1vel hist\u00f3ria de Dom Resmungalote &#8211; o cavaleiro rabugento que precisa aprender a vencer o drag\u00e3o que arru\u00edna tudo &#8211; oferece uma solu\u00e7\u00e3o l\u00fadica. Voc\u00ea se surpreender\u00e1 com a frequ\u00eancia com que a aventura de Dom Resmungalote inspirar\u00e1 seus filhos a combaterem seus pr\u00f3prios drag\u00f5es!<\/p>\n<p>D\u00ea aos seus filhos um her\u00f3i do qual eles possam rir e imitar. Com Dom Resmungalote, as crian\u00e7as aprender\u00e3o a amar seu lar e a se alegrar em combater os drag\u00f5es da vida &#8211; come\u00e7ando pelo drag\u00e3o em seu pr\u00f3prio cora\u00e7\u00e3o.<\/p>\n<p>As crian\u00e7as v\u00e3o adorar esta hist\u00f3ria escrita por Rachel Jankovic (autora de Loving the Little Years) com seu conto em rimas e as belas ilustra\u00e7\u00f5es em aquarela do premiado artista Forrest Dickison (de Hello Ninja da Netflix)!<\/p>\n","protected":false},"excerpt":{"rendered":"<p>Um Livro Infantil Sobre Sentimentos Grandes e Raivosos para Ajudar a Aprender o Poder de Escolher Ser Grato e Assumir&hellip;<\/p>\n","protected":false},"featured_media":332153,"comment_status":"open","ping_status":"closed","template":"","meta":[],"product_cat":[144,134],"product_tag":[],"_links":{"self":[{"href":"https:\/\/www.livrariarema.com.br\/loja\/wp-json\/wp\/v2\/product\/332109"}],"collection":[{"href":"https:\/\/www.livrariarema.com.br\/loja\/wp-json\/wp\/v2\/product"}],"about":[{"href":"https:\/\/www.livrariarema.com.br\/loja\/wp-json\/wp\/v2\/types\/product"}],"replies":[{"embeddable":true,"href":"https:\/\/www.livrariarema.com.br\/loja\/wp-json\/wp\/v2\/comments?post=332109"}],"wp:featuredmedia":[{"embeddable":true,"href":"https:\/\/www.livrariarema.com.br\/loja\/wp-json\/wp\/v2\/media\/332153"}],"wp:attachment":[{"href":"https:\/\/www.livrariarema.com.br\/loja\/wp-json\/wp\/v2\/media?parent=332109"}],"wp:term":[{"taxonomy":"product_cat","embeddable":true,"href":"https:\/\/www.livrariarema.com.br\/loja\/wp-json\/wp\/v2\/product_cat?post=332109"},{"taxonomy":"product_tag","embeddable":true,"href":"https:\/\/www.livrariarema.com.br\/loja\/wp-json\/wp\/v2\/product_tag?post=332109"}],"curies":[{"name":"wp","href":"https:\/\/api.w.org\/{rel}","templated":true}]}}