{"id":332113,"date":"2025-06-10T12:16:07","date_gmt":"2025-06-10T15:16:07","guid":{"rendered":"https:\/\/www.livrariarema.com.br\/loja\/produtos\/sem categoria\/evangelho-sequestrado-owen-strachan\/"},"modified":"2025-10-10T16:43:27","modified_gmt":"2025-10-10T19:43:27","slug":"evangelho-sequestrado-owen-strachan","status":"publish","type":"product","link":"https:\/\/www.livrariarema.com.br\/loja\/produtos\/livros\/cristianismo\/evangelho-sequestrado-owen-strachan\/","title":{"rendered":"Evangelho Sequestrado &#8211; Owen Strachan"},"content":{"rendered":"<p>O livro Evangelho Sequestrado \u00e9 para quem j\u00e1 entendeu que algo est\u00e1 errado, mas ainda n\u00e3o sabe como responder. Por isso, n\u00e3o espere um tom morno. Owen Strachan n\u00e3o est\u00e1 tentando agradar ningu\u00e9m al\u00e9m do Senhor. Ele est\u00e1 defendendo a nossa f\u00e9.<\/p>\n<p>Com clareza, coragem e base b\u00edblica, ele revela como o wokismo, a Teoria Cr\u00edtica da Ra\u00e7a e outras ideologias de esquerda t\u00eam distorcido o cora\u00e7\u00e3o do Evangelho. Voc\u00ea vai entender o que est\u00e1 acontecendo e aprender a reconhecer os discursos infiltrados.<\/p>\n<p>Stratchan quer te ensinar a se posicionar com firmeza, fidelidade e verdade. As mentiras est\u00e3o avan\u00e7ando, e a Igreja precisa lutar.<\/p>\n<p>Este livro n\u00e3o \u00e9 para agradar. \u00c9 para despertar!<\/p>\n","protected":false},"excerpt":{"rendered":"<p>O livro Evangelho Sequestrado \u00e9 para quem j\u00e1 entendeu que algo est\u00e1 errado, mas ainda n\u00e3o sabe como responder. Por&hellip;<\/p>\n","protected":false},"featured_media":336321,"comment_status":"open","ping_status":"closed","template":"","meta":[],"product_cat":[244,134],"product_tag":[],"_links":{"self":[{"href":"https:\/\/www.livrariarema.com.br\/loja\/wp-json\/wp\/v2\/product\/332113"}],"collection":[{"href":"https:\/\/www.livrariarema.com.br\/loja\/wp-json\/wp\/v2\/product"}],"about":[{"href":"https:\/\/www.livrariarema.com.br\/loja\/wp-json\/wp\/v2\/types\/product"}],"replies":[{"embeddable":true,"href":"https:\/\/www.livrariarema.com.br\/loja\/wp-json\/wp\/v2\/comments?post=332113"}],"wp:featuredmedia":[{"embeddable":true,"href":"https:\/\/www.livrariarema.com.br\/loja\/wp-json\/wp\/v2\/media\/336321"}],"wp:attachment":[{"href":"https:\/\/www.livrariarema.com.br\/loja\/wp-json\/wp\/v2\/media?parent=332113"}],"wp:term":[{"taxonomy":"product_cat","embeddable":true,"href":"https:\/\/www.livrariarema.com.br\/loja\/wp-json\/wp\/v2\/product_cat?post=332113"},{"taxonomy":"product_tag","embeddable":true,"href":"https:\/\/www.livrariarema.com.br\/loja\/wp-json\/wp\/v2\/product_tag?post=332113"}],"curies":[{"name":"wp","href":"https:\/\/api.w.org\/{rel}","templated":true}]}}