{"id":332130,"date":"2025-06-11T08:35:12","date_gmt":"2025-06-11T11:35:12","guid":{"rendered":"https:\/\/www.livrariarema.com.br\/loja\/produtos\/sem%20categoria\/caderno-de-notas-rema-refugio-muito-pode\/"},"modified":"2026-04-07T16:29:13","modified_gmt":"2026-04-07T19:29:13","slug":"caderno-de-notas-rema-refugio-muito-pode","status":"publish","type":"product","link":"https:\/\/www.livrariarema.com.br\/loja\/produtos\/papelaria-crista\/caderno-papelaria-crista\/caderno-de-notas-rema-refugio-muito-pode\/","title":{"rendered":"Caderno De Notas &#8211; Rema &#8211; 14,5 X 21Cm &#8211; Ref\u00fagio &#8211; Muito Pode"},"content":{"rendered":"<p>O Caderno de Notas da Cole\u00e7\u00e3o Ref\u00fagio, foi pensado para transformar sua rotina em um momento de paz e conex\u00e3o com Deus. Cada produto foi pensado com cuidado para tornar seu dia mais leve, produtivo e cheio de significado.<\/p>\n<p>Mais do que itens de papelaria, s\u00e3o ferramentas para te ajudar a acalmar<br \/>\na alma, ouvir a voz de Deus e viver com inten\u00e7\u00e3o.<\/p>\n","protected":false},"excerpt":{"rendered":"<p>Espiral tipo wire-o, 14x21cm, sem pauta, capa dura, 80fls.<\/p>\n","protected":false},"featured_media":346919,"comment_status":"open","ping_status":"closed","template":"","meta":[],"product_cat":[323,322],"product_tag":[],"_links":{"self":[{"href":"https:\/\/www.livrariarema.com.br\/loja\/wp-json\/wp\/v2\/product\/332130"}],"collection":[{"href":"https:\/\/www.livrariarema.com.br\/loja\/wp-json\/wp\/v2\/product"}],"about":[{"href":"https:\/\/www.livrariarema.com.br\/loja\/wp-json\/wp\/v2\/types\/product"}],"replies":[{"embeddable":true,"href":"https:\/\/www.livrariarema.com.br\/loja\/wp-json\/wp\/v2\/comments?post=332130"}],"wp:featuredmedia":[{"embeddable":true,"href":"https:\/\/www.livrariarema.com.br\/loja\/wp-json\/wp\/v2\/media\/346919"}],"wp:attachment":[{"href":"https:\/\/www.livrariarema.com.br\/loja\/wp-json\/wp\/v2\/media?parent=332130"}],"wp:term":[{"taxonomy":"product_cat","embeddable":true,"href":"https:\/\/www.livrariarema.com.br\/loja\/wp-json\/wp\/v2\/product_cat?post=332130"},{"taxonomy":"product_tag","embeddable":true,"href":"https:\/\/www.livrariarema.com.br\/loja\/wp-json\/wp\/v2\/product_tag?post=332130"}],"curies":[{"name":"wp","href":"https:\/\/api.w.org\/{rel}","templated":true}]}}