{"id":332160,"date":"2025-06-11T09:14:28","date_gmt":"2025-06-11T12:14:28","guid":{"rendered":"https:\/\/www.livrariarema.com.br\/loja\/produtos\/sem%20categoria\/bloco-de-notas-rema-7x10cm-refugio-deus-e\/"},"modified":"2026-03-27T13:50:40","modified_gmt":"2026-03-27T16:50:40","slug":"bloco-de-notas-rema-7x10cm-refugio-deus-e","status":"publish","type":"product","link":"https:\/\/www.livrariarema.com.br\/loja\/produtos\/papelaria-crista\/bloco-papelaria-crista\/bloco-de-notas-rema-7x10cm-refugio-deus-e\/","title":{"rendered":"Bloco De Notas &#8211; Rema &#8211; 7X10cm &#8211; Ref\u00fagio &#8211; Deus \u00c9"},"content":{"rendered":"<p>O bloco de notas da Cole\u00e7\u00e3o Ref\u00fagio, foi pensado para transformar sua rotina em um momento de paz e conex\u00e3o com Deus. Cada produto foi pensado com cuidado para tornar seu dia mais leve, produtivo e cheio de significado.<\/p>\n<p>Mais do que itens de papelaria, s\u00e3o ferramentas para te ajudar a acalmar<br \/>\na alma, ouvir a voz de Deus e viver com inten\u00e7\u00e3o.<\/p>\n","protected":false},"excerpt":{"rendered":"<p>Brochura, sem pauta, com vers\u00edculo no rodap\u00e9 de cada folha, aprox. 50fls.<\/p>\n","protected":false},"featured_media":346736,"comment_status":"open","ping_status":"closed","template":"","meta":[],"product_cat":[325,322],"product_tag":[],"_links":{"self":[{"href":"https:\/\/www.livrariarema.com.br\/loja\/wp-json\/wp\/v2\/product\/332160"}],"collection":[{"href":"https:\/\/www.livrariarema.com.br\/loja\/wp-json\/wp\/v2\/product"}],"about":[{"href":"https:\/\/www.livrariarema.com.br\/loja\/wp-json\/wp\/v2\/types\/product"}],"replies":[{"embeddable":true,"href":"https:\/\/www.livrariarema.com.br\/loja\/wp-json\/wp\/v2\/comments?post=332160"}],"wp:featuredmedia":[{"embeddable":true,"href":"https:\/\/www.livrariarema.com.br\/loja\/wp-json\/wp\/v2\/media\/346736"}],"wp:attachment":[{"href":"https:\/\/www.livrariarema.com.br\/loja\/wp-json\/wp\/v2\/media?parent=332160"}],"wp:term":[{"taxonomy":"product_cat","embeddable":true,"href":"https:\/\/www.livrariarema.com.br\/loja\/wp-json\/wp\/v2\/product_cat?post=332160"},{"taxonomy":"product_tag","embeddable":true,"href":"https:\/\/www.livrariarema.com.br\/loja\/wp-json\/wp\/v2\/product_tag?post=332160"}],"curies":[{"name":"wp","href":"https:\/\/api.w.org\/{rel}","templated":true}]}}