{"id":332191,"date":"2025-06-11T10:14:46","date_gmt":"2025-06-11T13:14:46","guid":{"rendered":"https:\/\/www.livrariarema.com.br\/loja\/produtos\/sem%20categoria\/bloco-meu-dia-rema-9x18cm-ester\/"},"modified":"2025-12-29T12:50:52","modified_gmt":"2025-12-29T15:50:52","slug":"bloco-meu-dia-rema-9x18cm-ester","status":"publish","type":"product","link":"https:\/\/www.livrariarema.com.br\/loja\/produtos\/papelaria-crista\/bloco-papelaria-crista\/bloco-meu-dia-rema-9x18cm-ester\/","title":{"rendered":"Bloco Meu Dia &#8211; Rema &#8211; 9X18cm &#8211; Ester"},"content":{"rendered":"<p>O bloco Meu Dia da Cole\u00e7\u00e3o Ester, foi cuidadosamente desenhado para auxiliar no planejamento e organiza\u00e7\u00e3o do seu dia, com um design de muita beleza e delicadeza. <br \/>\nCada produto da cole\u00e7\u00e3o Ester foi pensado detalhadamente para tornar seu dia mais leve, produtivo e cheio de significado.<\/p>\n<p>Mais do que itens de papelaria, s\u00e3o ferramentas para te ajudar a acalmar<br \/>\na alma, ouvir a voz de Deus e viver com inten\u00e7\u00e3o.<\/p>\n","protected":false},"excerpt":{"rendered":"<p>Brochura, aprox. 50fls.<\/p>\n","protected":false},"featured_media":335530,"comment_status":"open","ping_status":"closed","template":"","meta":[],"product_cat":[325,322],"product_tag":[],"_links":{"self":[{"href":"https:\/\/www.livrariarema.com.br\/loja\/wp-json\/wp\/v2\/product\/332191"}],"collection":[{"href":"https:\/\/www.livrariarema.com.br\/loja\/wp-json\/wp\/v2\/product"}],"about":[{"href":"https:\/\/www.livrariarema.com.br\/loja\/wp-json\/wp\/v2\/types\/product"}],"replies":[{"embeddable":true,"href":"https:\/\/www.livrariarema.com.br\/loja\/wp-json\/wp\/v2\/comments?post=332191"}],"wp:featuredmedia":[{"embeddable":true,"href":"https:\/\/www.livrariarema.com.br\/loja\/wp-json\/wp\/v2\/media\/335530"}],"wp:attachment":[{"href":"https:\/\/www.livrariarema.com.br\/loja\/wp-json\/wp\/v2\/media?parent=332191"}],"wp:term":[{"taxonomy":"product_cat","embeddable":true,"href":"https:\/\/www.livrariarema.com.br\/loja\/wp-json\/wp\/v2\/product_cat?post=332191"},{"taxonomy":"product_tag","embeddable":true,"href":"https:\/\/www.livrariarema.com.br\/loja\/wp-json\/wp\/v2\/product_tag?post=332191"}],"curies":[{"name":"wp","href":"https:\/\/api.w.org\/{rel}","templated":true}]}}