{"id":332203,"date":"2025-06-11T14:11:56","date_gmt":"2025-06-11T17:11:56","guid":{"rendered":"https:\/\/www.livrariarema.com.br\/loja\/produtos\/sem%20categoria\/raimundo-respire-fundo-sabrina-leiria\/"},"modified":"2026-04-01T11:12:24","modified_gmt":"2026-04-01T14:12:24","slug":"raimundo-respire-fundo-sabrina-leiria","status":"publish","type":"product","link":"https:\/\/www.livrariarema.com.br\/loja\/produtos\/livros\/infantil\/raimundo-respire-fundo-sabrina-leiria\/","title":{"rendered":"Raimundo Respire Fundo &#8211; Sabrina Leiria"},"content":{"rendered":"<p>Raimundo \u00e9 um garotinho que precisa de ajuda para poder se comunicar. Quando os problemas aparecem ele bate o p\u00e9, fica rabugento, e n\u00e3o sabe quais palavras usar. Ele precisa de ajuda, mas quem vir\u00e1 para o acalmar? <br \/>\n&#8220;Raimundo, respire fundo!&#8221; \u00e9 uma hist\u00f3ria feita com rimas, onde cada verso aponta para uma passagem b\u00edblica. Foi escrito em dias comuns, por uma m\u00e3e comum, buscando a gra\u00e7a incomum para ajudar um dos seus filhos a se acalmar e respirar fundo.<\/p>\n","protected":false},"excerpt":{"rendered":"<p>Raimundo \u00e9 um garotinho que precisa de ajuda para poder se comunicar. Quando os problemas aparecem ele bate o p\u00e9,&hellip;<\/p>\n","protected":false},"featured_media":341091,"comment_status":"open","ping_status":"closed","template":"","meta":[],"product_cat":[144,134],"product_tag":[],"_links":{"self":[{"href":"https:\/\/www.livrariarema.com.br\/loja\/wp-json\/wp\/v2\/product\/332203"}],"collection":[{"href":"https:\/\/www.livrariarema.com.br\/loja\/wp-json\/wp\/v2\/product"}],"about":[{"href":"https:\/\/www.livrariarema.com.br\/loja\/wp-json\/wp\/v2\/types\/product"}],"replies":[{"embeddable":true,"href":"https:\/\/www.livrariarema.com.br\/loja\/wp-json\/wp\/v2\/comments?post=332203"}],"wp:featuredmedia":[{"embeddable":true,"href":"https:\/\/www.livrariarema.com.br\/loja\/wp-json\/wp\/v2\/media\/341091"}],"wp:attachment":[{"href":"https:\/\/www.livrariarema.com.br\/loja\/wp-json\/wp\/v2\/media?parent=332203"}],"wp:term":[{"taxonomy":"product_cat","embeddable":true,"href":"https:\/\/www.livrariarema.com.br\/loja\/wp-json\/wp\/v2\/product_cat?post=332203"},{"taxonomy":"product_tag","embeddable":true,"href":"https:\/\/www.livrariarema.com.br\/loja\/wp-json\/wp\/v2\/product_tag?post=332203"}],"curies":[{"name":"wp","href":"https:\/\/api.w.org\/{rel}","templated":true}]}}