{"id":332223,"date":"2025-06-13T13:36:53","date_gmt":"2025-06-13T16:36:53","guid":{"rendered":"https:\/\/www.livrariarema.com.br\/loja\/produtos\/sem categoria\/caneta-magic-duo-estojo-com-48-cores\/"},"modified":"2026-04-30T13:23:49","modified_gmt":"2026-04-30T16:23:49","slug":"caneta-magic-duo-estojo-com-48-cores","status":"publish","type":"product","link":"https:\/\/www.livrariarema.com.br\/loja\/produtos\/promocao\/papelaria-promocao\/caneta-magic-duo-estojo-com-48-cores\/","title":{"rendered":"Caneta &#8211; Magic &#8211; Duo &#8211; Estojo Com 48 Cores"},"content":{"rendered":"<p>O Kit de Marcadores Art\u00edsticos Ponta Dupla 48 Cores MAGIC \u00e9 ideal para artistas, estudantes e entusiastas da arte que buscam variedade e qualidade em seus materiais. Com 48 cores vibrantes, este conjunto oferece uma ampla gama de tonalidades para dar vida \u00e0s suas cria\u00e7\u00f5es.<\/p>\n<p>Cada marcador possui ponta dupla:<br \/>\nPonta fina para detalhes precisos e contornos<br \/>\nPonta grossa para preenchimentos e tra\u00e7os largos<br \/>\nA tinta \u00e9 de secagem r\u00e1pida, evitando borr\u00f5es e proporcionando um acabamento limpo e profissional. O estojo organizador facilita o transporte e armazenamento, mantendo seus marcadores sempre organizados e prontos para uso.<\/p>\n","protected":false},"excerpt":{"rendered":"<p>O Kit de Marcadores Art\u00edsticos Ponta Dupla 48 Cores MAGIC \u00e9 ideal para artistas, estudantes e entusiastas da arte que&hellip;<\/p>\n","protected":false},"featured_media":345163,"comment_status":"open","ping_status":"closed","template":"","meta":[],"product_cat":[307,142],"product_tag":[],"_links":{"self":[{"href":"https:\/\/www.livrariarema.com.br\/loja\/wp-json\/wp\/v2\/product\/332223"}],"collection":[{"href":"https:\/\/www.livrariarema.com.br\/loja\/wp-json\/wp\/v2\/product"}],"about":[{"href":"https:\/\/www.livrariarema.com.br\/loja\/wp-json\/wp\/v2\/types\/product"}],"replies":[{"embeddable":true,"href":"https:\/\/www.livrariarema.com.br\/loja\/wp-json\/wp\/v2\/comments?post=332223"}],"wp:featuredmedia":[{"embeddable":true,"href":"https:\/\/www.livrariarema.com.br\/loja\/wp-json\/wp\/v2\/media\/345163"}],"wp:attachment":[{"href":"https:\/\/www.livrariarema.com.br\/loja\/wp-json\/wp\/v2\/media?parent=332223"}],"wp:term":[{"taxonomy":"product_cat","embeddable":true,"href":"https:\/\/www.livrariarema.com.br\/loja\/wp-json\/wp\/v2\/product_cat?post=332223"},{"taxonomy":"product_tag","embeddable":true,"href":"https:\/\/www.livrariarema.com.br\/loja\/wp-json\/wp\/v2\/product_tag?post=332223"}],"curies":[{"name":"wp","href":"https:\/\/api.w.org\/{rel}","templated":true}]}}