{"id":332368,"date":"2025-06-23T10:49:35","date_gmt":"2025-06-23T13:49:35","guid":{"rendered":"https:\/\/www.livrariarema.com.br\/loja\/produtos\/sem categoria\/caneca-de-ceramica-prime-350ml-pai-meu-maior-exemplo\/"},"modified":"2026-04-28T09:46:45","modified_gmt":"2026-04-28T12:46:45","slug":"caneca-de-ceramica-prime-350ml-pai-meu-maior-exemplo","status":"publish","type":"product","link":"https:\/\/www.livrariarema.com.br\/loja\/produtos\/diversos\/caneca\/caneca-de-ceramica-prime-350ml-pai-meu-maior-exemplo\/","title":{"rendered":"Caneca De Cer\u00e2mica &#8211; Prime 350Ml &#8211; Pai Meu Maior Exemplo"},"content":{"rendered":"<p>A Caneca Cer\u00e2mica Prime \u00e9 o presente ideal para quem ama estilo e qualidade! Com um design sofisticado e durabilidade incr\u00edvel, ela transforma cada momento em uma experi\u00eancia especial.<\/p>\n","protected":false},"excerpt":{"rendered":"<p>A Caneca Cer\u00e2mica Prime \u00e9 o presente ideal para quem ama estilo e qualidade! Com um design sofisticado e durabilidade&hellip;<\/p>\n","protected":false},"featured_media":347402,"comment_status":"open","ping_status":"closed","template":"","meta":[],"product_cat":[235,132],"product_tag":[],"_links":{"self":[{"href":"https:\/\/www.livrariarema.com.br\/loja\/wp-json\/wp\/v2\/product\/332368"}],"collection":[{"href":"https:\/\/www.livrariarema.com.br\/loja\/wp-json\/wp\/v2\/product"}],"about":[{"href":"https:\/\/www.livrariarema.com.br\/loja\/wp-json\/wp\/v2\/types\/product"}],"replies":[{"embeddable":true,"href":"https:\/\/www.livrariarema.com.br\/loja\/wp-json\/wp\/v2\/comments?post=332368"}],"wp:featuredmedia":[{"embeddable":true,"href":"https:\/\/www.livrariarema.com.br\/loja\/wp-json\/wp\/v2\/media\/347402"}],"wp:attachment":[{"href":"https:\/\/www.livrariarema.com.br\/loja\/wp-json\/wp\/v2\/media?parent=332368"}],"wp:term":[{"taxonomy":"product_cat","embeddable":true,"href":"https:\/\/www.livrariarema.com.br\/loja\/wp-json\/wp\/v2\/product_cat?post=332368"},{"taxonomy":"product_tag","embeddable":true,"href":"https:\/\/www.livrariarema.com.br\/loja\/wp-json\/wp\/v2\/product_tag?post=332368"}],"curies":[{"name":"wp","href":"https:\/\/api.w.org\/{rel}","templated":true}]}}