{"id":332721,"date":"2025-06-27T13:39:46","date_gmt":"2025-06-27T16:39:46","guid":{"rendered":"https:\/\/www.livrariarema.com.br\/loja\/produtos\/sem categoria\/como-deus-quer-usar-as-mulheres-gary-haynes\/"},"modified":"2025-07-26T11:01:17","modified_gmt":"2025-07-26T14:01:17","slug":"como-deus-quer-usar-as-mulheres-gary-haynes","status":"publish","type":"product","link":"https:\/\/www.livrariarema.com.br\/loja\/produtos\/livros\/mulher\/como-deus-quer-usar-as-mulheres-gary-haynes\/","title":{"rendered":"Como Deus Quer Usar As Mulheres &#8211; Gary Haynes"},"content":{"rendered":"<p>Voc\u00ea sabe como Deus quer usar as Mulheres?<\/p>\n<p>As mulheres foram criada por Deus para serem \u00fanicas e singulares, e Ele deseja us\u00e1-las de forma diferente a mais intensa do que tem acontecido na igreja e na sociedade atual. Mas por esse assunto ser t\u00e3o pouco compreendido, muitas ainda n\u00e3o descobriram o tremendo potencial que disp\u00f5em para servir no Reino de Deus.<\/p>\n<p>Em Como Deus quer usar as Mulheres, o consagrado autor Gary Haynes revela, de maneiro simples mas profunda, \u00e0 luz de texto b\u00edblicos importantes, qual \u00e9 o verdadeiro e maravilhoso papel reservado para cada mulher no corpo de Cristo. Assumindo o minist\u00e9rio de m\u00e3es espirituais, elas podem deixar de ministrar de maneira superficial e incompleta, e passar a edificar vidas pelos princ\u00edpios da Palavra de Deus.<\/p>\n<p>Com a leitura deste livro, qualquer mulher poder\u00e1 descobrir:<\/p>\n<p>A incr\u00edvel influ\u00eancia que as m\u00e3es exercem<br \/>\nPorque as mulheres s\u00e3o iguais, mas diferentes<br \/>\nO segredo das irm\u00e3s<br \/>\nO que significa ser uma m\u00e3e espiritual<br \/>\nComer ser um instrumento poderoso nas m\u00e3os de Deus<\/p>\n<p>N\u00e3o permita que seu dom especial se apegue. Leia Como Deus quer usar as Mulheres e libere toda a un\u00e7\u00e3o que o Senhor tem para sua vida. Ou\u00e7a a voz do Esp\u00edrito no seu cora\u00e7\u00e3o, convocando-a a avan\u00e7ar. Voc\u00ea ver\u00e1 as maravilhas do Senhor manifestas na sua vida, fam\u00edlia e cidade. Voc\u00ea e muito especial, separada pela m\u00e3o do Senhor para ser um instrumento de ben\u00e7\u00e3o e transforma\u00e7\u00e3o da nossa gera\u00e7\u00e3o!<\/p>\n","protected":false},"excerpt":{"rendered":"<p>Voc\u00ea sabe como Deus quer usar as Mulheres? As mulheres foram criada por Deus para serem \u00fanicas e singulares, e&hellip;<\/p>\n","protected":false},"featured_media":332855,"comment_status":"open","ping_status":"closed","template":"","meta":[],"product_cat":[134,170],"product_tag":[],"_links":{"self":[{"href":"https:\/\/www.livrariarema.com.br\/loja\/wp-json\/wp\/v2\/product\/332721"}],"collection":[{"href":"https:\/\/www.livrariarema.com.br\/loja\/wp-json\/wp\/v2\/product"}],"about":[{"href":"https:\/\/www.livrariarema.com.br\/loja\/wp-json\/wp\/v2\/types\/product"}],"replies":[{"embeddable":true,"href":"https:\/\/www.livrariarema.com.br\/loja\/wp-json\/wp\/v2\/comments?post=332721"}],"wp:featuredmedia":[{"embeddable":true,"href":"https:\/\/www.livrariarema.com.br\/loja\/wp-json\/wp\/v2\/media\/332855"}],"wp:attachment":[{"href":"https:\/\/www.livrariarema.com.br\/loja\/wp-json\/wp\/v2\/media?parent=332721"}],"wp:term":[{"taxonomy":"product_cat","embeddable":true,"href":"https:\/\/www.livrariarema.com.br\/loja\/wp-json\/wp\/v2\/product_cat?post=332721"},{"taxonomy":"product_tag","embeddable":true,"href":"https:\/\/www.livrariarema.com.br\/loja\/wp-json\/wp\/v2\/product_tag?post=332721"}],"curies":[{"name":"wp","href":"https:\/\/api.w.org\/{rel}","templated":true}]}}