{"id":332729,"date":"2025-06-30T10:14:50","date_gmt":"2025-06-30T13:14:50","guid":{"rendered":"https:\/\/www.livrariarema.com.br\/loja\/produtos\/sem categoria\/na065lsgilv-biblia-letra-supergigante-aston-marrom-leao\/"},"modified":"2026-02-26T13:10:28","modified_gmt":"2026-02-26T16:10:28","slug":"na065lsgilv-biblia-letra-supergigante-aston-marrom-leao","status":"publish","type":"product","link":"https:\/\/www.livrariarema.com.br\/loja\/produtos\/biblias\/nova-almeida-atualizada\/na065lsgilv-biblia-letra-supergigante-aston-marrom-leao\/","title":{"rendered":"Na065lsgilv &#8211; B\u00edblia Letra Supergigante &#8211; Aston Marrom &#8211; Le\u00e3o"},"content":{"rendered":"<p>Elegante e moderna, esta B\u00edblia com letra supergigante oferece uma experi\u00eancia de leitura mais din\u00e2mica e agrad\u00e1vel. A Nova Almeida Atualizada (NAA) (NAA) \u00e9 uma tradu\u00e7\u00e3o lan\u00e7ada em 2017 pela SBB, resultado de uma profunda revis\u00e3o da consagrada tradu\u00e7\u00e3o Almeida Revista e Atualizada. Ela apresenta um texto cl\u00e1ssico com uma linguagem atual, seguindo a norma padr\u00e3o do portugu\u00eas escrito e falado no Brasil. Clique aqui e saiba mais sobre a tradu\u00e7\u00e3o NAA<\/p>\n","protected":false},"excerpt":{"rendered":"<p>Elegante e moderna, esta B\u00edblia com letra supergigante oferece uma experi\u00eancia de leitura mais din\u00e2mica e agrad\u00e1vel. A Nova Almeida&hellip;<\/p>\n","protected":false},"featured_media":343963,"comment_status":"open","ping_status":"closed","template":"","meta":[],"product_cat":[139,174],"product_tag":[],"_links":{"self":[{"href":"https:\/\/www.livrariarema.com.br\/loja\/wp-json\/wp\/v2\/product\/332729"}],"collection":[{"href":"https:\/\/www.livrariarema.com.br\/loja\/wp-json\/wp\/v2\/product"}],"about":[{"href":"https:\/\/www.livrariarema.com.br\/loja\/wp-json\/wp\/v2\/types\/product"}],"replies":[{"embeddable":true,"href":"https:\/\/www.livrariarema.com.br\/loja\/wp-json\/wp\/v2\/comments?post=332729"}],"wp:featuredmedia":[{"embeddable":true,"href":"https:\/\/www.livrariarema.com.br\/loja\/wp-json\/wp\/v2\/media\/343963"}],"wp:attachment":[{"href":"https:\/\/www.livrariarema.com.br\/loja\/wp-json\/wp\/v2\/media?parent=332729"}],"wp:term":[{"taxonomy":"product_cat","embeddable":true,"href":"https:\/\/www.livrariarema.com.br\/loja\/wp-json\/wp\/v2\/product_cat?post=332729"},{"taxonomy":"product_tag","embeddable":true,"href":"https:\/\/www.livrariarema.com.br\/loja\/wp-json\/wp\/v2\/product_tag?post=332729"}],"curies":[{"name":"wp","href":"https:\/\/api.w.org\/{rel}","templated":true}]}}