{"id":332749,"date":"2025-06-30T10:16:48","date_gmt":"2025-06-30T13:16:48","guid":{"rendered":"https:\/\/www.livrariarema.com.br\/loja\/produtos\/sem categoria\/canetinhas-hidrograficas-cis-spiro-12-cores\/"},"modified":"2026-01-14T15:40:58","modified_gmt":"2026-01-14T18:40:58","slug":"canetinhas-hidrograficas-cis-spiro-12-cores","status":"publish","type":"product","link":"https:\/\/www.livrariarema.com.br\/loja\/produtos\/papelaria\/canetinha\/canetinhas-hidrograficas-cis-spiro-12-cores\/","title":{"rendered":"Canetinhas Hidrogr\u00e1ficas &#8211; Cis &#8211; Spiro &#8211; 12 Cores"},"content":{"rendered":"<p>Chegaram as canetinhas hidrogr\u00e1ficas da Cis Spiro! Dispon\u00edvel no kit de 12 cores vibrantes, elas possuem o corpo decorado e s\u00e3o totalmentes lav\u00e1veis. Ideal para o dia a dia escolar.<\/p>\n","protected":false},"excerpt":{"rendered":"<p>Chegaram as canetinhas hidrogr\u00e1ficas da Cis Spiro! Dispon\u00edvel no kit de 12 cores vibrantes, elas possuem o corpo decorado e&hellip;<\/p>\n","protected":false},"featured_media":332748,"comment_status":"open","ping_status":"closed","template":"","meta":[],"product_cat":[277,215],"product_tag":[],"_links":{"self":[{"href":"https:\/\/www.livrariarema.com.br\/loja\/wp-json\/wp\/v2\/product\/332749"}],"collection":[{"href":"https:\/\/www.livrariarema.com.br\/loja\/wp-json\/wp\/v2\/product"}],"about":[{"href":"https:\/\/www.livrariarema.com.br\/loja\/wp-json\/wp\/v2\/types\/product"}],"replies":[{"embeddable":true,"href":"https:\/\/www.livrariarema.com.br\/loja\/wp-json\/wp\/v2\/comments?post=332749"}],"wp:featuredmedia":[{"embeddable":true,"href":"https:\/\/www.livrariarema.com.br\/loja\/wp-json\/wp\/v2\/media\/332748"}],"wp:attachment":[{"href":"https:\/\/www.livrariarema.com.br\/loja\/wp-json\/wp\/v2\/media?parent=332749"}],"wp:term":[{"taxonomy":"product_cat","embeddable":true,"href":"https:\/\/www.livrariarema.com.br\/loja\/wp-json\/wp\/v2\/product_cat?post=332749"},{"taxonomy":"product_tag","embeddable":true,"href":"https:\/\/www.livrariarema.com.br\/loja\/wp-json\/wp\/v2\/product_tag?post=332749"}],"curies":[{"name":"wp","href":"https:\/\/api.w.org\/{rel}","templated":true}]}}