{"id":332757,"date":"2025-06-30T10:17:09","date_gmt":"2025-06-30T13:17:09","guid":{"rendered":"https:\/\/www.livrariarema.com.br\/loja\/produtos\/sem categoria\/caneta-cis-gelyx-ex-retratil-apagavel-0-7mm-azul\/"},"modified":"2026-04-08T11:06:45","modified_gmt":"2026-04-08T14:06:45","slug":"caneta-cis-gelyx-ex-retratil-apagavel-0-7mm-azul","status":"publish","type":"product","link":"https:\/\/www.livrariarema.com.br\/loja\/produtos\/papelaria\/canetas\/caneta-cis-gelyx-ex-retratil-apagavel-0-7mm-azul\/","title":{"rendered":"Caneta &#8211; Cis &#8211; Gelyx &#8211; Ex &#8211; Retr\u00e1til &#8211; Apag\u00e1vel &#8211; 0.7Mm &#8211; Azul"},"content":{"rendered":"<p>Com ponta de 0.7 mm, essa caneta oferece uma escrita suave e precisa, enriquecida com cores marcantes para dar um charme extra \u00e0s suas anota\u00e7\u00f5es.<\/p>\n<p>Perfeita para destacar suas ideias e tornar o estudo ou o trabalho mais divertido. E o melhor de tudo, a tinta \u00e9 apag\u00e1vel! Corrija pequenos erros ou reorganize suas notas sem deixar rastros.<\/p>\n<p>Registro Inmetro 006 234\/2014<\/p>\n","protected":false},"excerpt":{"rendered":"<p>Com ponta de 0.7 mm, essa caneta oferece uma escrita suave e precisa, enriquecida com cores marcantes para dar um&hellip;<\/p>\n","protected":false},"featured_media":336245,"comment_status":"open","ping_status":"closed","template":"","meta":[],"product_cat":[216,215],"product_tag":[],"_links":{"self":[{"href":"https:\/\/www.livrariarema.com.br\/loja\/wp-json\/wp\/v2\/product\/332757"}],"collection":[{"href":"https:\/\/www.livrariarema.com.br\/loja\/wp-json\/wp\/v2\/product"}],"about":[{"href":"https:\/\/www.livrariarema.com.br\/loja\/wp-json\/wp\/v2\/types\/product"}],"replies":[{"embeddable":true,"href":"https:\/\/www.livrariarema.com.br\/loja\/wp-json\/wp\/v2\/comments?post=332757"}],"wp:featuredmedia":[{"embeddable":true,"href":"https:\/\/www.livrariarema.com.br\/loja\/wp-json\/wp\/v2\/media\/336245"}],"wp:attachment":[{"href":"https:\/\/www.livrariarema.com.br\/loja\/wp-json\/wp\/v2\/media?parent=332757"}],"wp:term":[{"taxonomy":"product_cat","embeddable":true,"href":"https:\/\/www.livrariarema.com.br\/loja\/wp-json\/wp\/v2\/product_cat?post=332757"},{"taxonomy":"product_tag","embeddable":true,"href":"https:\/\/www.livrariarema.com.br\/loja\/wp-json\/wp\/v2\/product_tag?post=332757"}],"curies":[{"name":"wp","href":"https:\/\/api.w.org\/{rel}","templated":true}]}}