{"id":332768,"date":"2025-06-30T10:17:47","date_gmt":"2025-06-30T13:17:47","guid":{"rendered":"https:\/\/www.livrariarema.com.br\/loja\/produtos\/sem categoria\/frankencity-emilio-garofalo\/"},"modified":"2025-09-10T08:58:27","modified_gmt":"2025-09-10T11:58:27","slug":"frankencity-emilio-garofalo","status":"publish","type":"product","link":"https:\/\/www.livrariarema.com.br\/loja\/produtos\/livros\/juvenil\/frankencity-emilio-garofalo\/","title":{"rendered":"Frankencity &#8211; Em\u00edlio Garofalo"},"content":{"rendered":"<p>Bilion\u00e1rios ati\u00e7am a curiosidade. E revistas gostam de pessoas que despertam a curiosidade em seus leitores \u00c9 nesse esp\u00edrito que Louise Fitzroy vem de longe para destilar um pouco da sabedoria de Shlomo Ben-David nesta reportagem para a Londoner Esquire. Esse bilion\u00e1rio, ao final de sua vida cheia de pesquisas, constru\u00e7\u00f5es, riquezas e mulheres, resolveu construir uma esp\u00e9cie de parque tem\u00e1tico com o melhor de cada uma das principais cidades do mundo para seus visitantes. Cabe ao leitor responder: por que algu\u00e9m tentaria juntar tudo que existe debaixo do sol numa s\u00f3 cidade?<\/p>\n","protected":false},"excerpt":{"rendered":"<p>Bilion\u00e1rios ati\u00e7am a curiosidade. E revistas gostam de pessoas que despertam a curiosidade em seus leitores \u00c9 nesse esp\u00edrito que&hellip;<\/p>\n","protected":false},"featured_media":332767,"comment_status":"open","ping_status":"closed","template":"","meta":[],"product_cat":[184,134],"product_tag":[],"_links":{"self":[{"href":"https:\/\/www.livrariarema.com.br\/loja\/wp-json\/wp\/v2\/product\/332768"}],"collection":[{"href":"https:\/\/www.livrariarema.com.br\/loja\/wp-json\/wp\/v2\/product"}],"about":[{"href":"https:\/\/www.livrariarema.com.br\/loja\/wp-json\/wp\/v2\/types\/product"}],"replies":[{"embeddable":true,"href":"https:\/\/www.livrariarema.com.br\/loja\/wp-json\/wp\/v2\/comments?post=332768"}],"wp:featuredmedia":[{"embeddable":true,"href":"https:\/\/www.livrariarema.com.br\/loja\/wp-json\/wp\/v2\/media\/332767"}],"wp:attachment":[{"href":"https:\/\/www.livrariarema.com.br\/loja\/wp-json\/wp\/v2\/media?parent=332768"}],"wp:term":[{"taxonomy":"product_cat","embeddable":true,"href":"https:\/\/www.livrariarema.com.br\/loja\/wp-json\/wp\/v2\/product_cat?post=332768"},{"taxonomy":"product_tag","embeddable":true,"href":"https:\/\/www.livrariarema.com.br\/loja\/wp-json\/wp\/v2\/product_tag?post=332768"}],"curies":[{"name":"wp","href":"https:\/\/api.w.org\/{rel}","templated":true}]}}