{"id":332770,"date":"2025-06-30T10:17:51","date_gmt":"2025-06-30T13:17:51","guid":{"rendered":"https:\/\/www.livrariarema.com.br\/loja\/produtos\/sem categoria\/pode-ser-que-eu-morra-hoje-emilio-garofalo\/"},"modified":"2025-09-10T08:58:51","modified_gmt":"2025-09-10T11:58:51","slug":"pode-ser-que-eu-morra-hoje-emilio-garofalo","status":"publish","type":"product","link":"https:\/\/www.livrariarema.com.br\/loja\/produtos\/livros\/juvenil\/pode-ser-que-eu-morra-hoje-emilio-garofalo\/","title":{"rendered":"Pode Ser Que Eu Morra Hoje &#8211; Em\u00edlio Garofalo"},"content":{"rendered":"<p>Maressa e Marinho v\u00e3o criar uma playlist para seu segundo filho ainda no ventre. E, gra\u00e7as \u00e0 fant\u00e1stica descoberta da t\u00e9cnica de musicoembrioliza\u00e7\u00e3o, poder\u00e3o inscrev\u00ea-la no pr\u00f3prio DNA do beb\u00ea. Quem sabe assim a personalidade dele n\u00e3o vai ser boa o suficiente para realizar alguns sonhos que o casal vem guardando? O que poderia dar errado, ainda mais \u00e0s v\u00e9speras do Natal? Esse \u00e9 um conto de Natal, uma \u00e9poca que envolve nascimento, esperan\u00e7a e reflex\u00e3o sobre onde colocamos nossas expectativas. Enfim, Feliz Natal!&#8230; Seja qual for a \u00e9poca do ano em que voc\u00ea estiver lendo.<\/p>\n","protected":false},"excerpt":{"rendered":"<p>Maressa e Marinho v\u00e3o criar uma playlist para seu segundo filho ainda no ventre. E, gra\u00e7as \u00e0 fant\u00e1stica descoberta da&hellip;<\/p>\n","protected":false},"featured_media":332769,"comment_status":"open","ping_status":"closed","template":"","meta":[],"product_cat":[184,134],"product_tag":[],"_links":{"self":[{"href":"https:\/\/www.livrariarema.com.br\/loja\/wp-json\/wp\/v2\/product\/332770"}],"collection":[{"href":"https:\/\/www.livrariarema.com.br\/loja\/wp-json\/wp\/v2\/product"}],"about":[{"href":"https:\/\/www.livrariarema.com.br\/loja\/wp-json\/wp\/v2\/types\/product"}],"replies":[{"embeddable":true,"href":"https:\/\/www.livrariarema.com.br\/loja\/wp-json\/wp\/v2\/comments?post=332770"}],"wp:featuredmedia":[{"embeddable":true,"href":"https:\/\/www.livrariarema.com.br\/loja\/wp-json\/wp\/v2\/media\/332769"}],"wp:attachment":[{"href":"https:\/\/www.livrariarema.com.br\/loja\/wp-json\/wp\/v2\/media?parent=332770"}],"wp:term":[{"taxonomy":"product_cat","embeddable":true,"href":"https:\/\/www.livrariarema.com.br\/loja\/wp-json\/wp\/v2\/product_cat?post=332770"},{"taxonomy":"product_tag","embeddable":true,"href":"https:\/\/www.livrariarema.com.br\/loja\/wp-json\/wp\/v2\/product_tag?post=332770"}],"curies":[{"name":"wp","href":"https:\/\/api.w.org\/{rel}","templated":true}]}}