{"id":332774,"date":"2025-06-30T10:18:01","date_gmt":"2025-06-30T13:18:01","guid":{"rendered":"https:\/\/www.livrariarema.com.br\/loja\/produtos\/sem categoria\/aquilo-que-paira-no-ar-emilio-garofalo\/"},"modified":"2025-09-10T08:59:45","modified_gmt":"2025-09-10T11:59:45","slug":"aquilo-que-paira-no-ar-emilio-garofalo","status":"publish","type":"product","link":"https:\/\/www.livrariarema.com.br\/loja\/produtos\/livros\/juvenil\/aquilo-que-paira-no-ar-emilio-garofalo\/","title":{"rendered":"Aquilo Que Paira No Ar &#8211; Em\u00edlio Garofalo"},"content":{"rendered":"<p>O que \u00e9 aquilo que paira no ar? O que est\u00e1 por detr\u00e1s das coisas? Bruce, um menino solit\u00e1rio, est\u00e1 para descobrir algo sobre como o mundo funciona. Ao atender um convite um tanto inusitado para entrar no Lago Parano\u00e1, em Bras\u00edlia, ele vai encontrar realidades mais profundas sobre como as coisas s\u00e3o. Essa \u00e9 uma hist\u00f3ria de fantasia para entender melhor a realidade. Seja bem-vindo \u00e0 Hip\u00f3polis e prepare-se para lutar em nome do Capinteiro-Rei. Mas antes, qual o seu sorvete favorito?<\/p>\n","protected":false},"excerpt":{"rendered":"<p>O que \u00e9 aquilo que paira no ar? O que est\u00e1 por detr\u00e1s das coisas? Bruce, um menino solit\u00e1rio, est\u00e1&hellip;<\/p>\n","protected":false},"featured_media":332773,"comment_status":"open","ping_status":"closed","template":"","meta":[],"product_cat":[184,134],"product_tag":[],"_links":{"self":[{"href":"https:\/\/www.livrariarema.com.br\/loja\/wp-json\/wp\/v2\/product\/332774"}],"collection":[{"href":"https:\/\/www.livrariarema.com.br\/loja\/wp-json\/wp\/v2\/product"}],"about":[{"href":"https:\/\/www.livrariarema.com.br\/loja\/wp-json\/wp\/v2\/types\/product"}],"replies":[{"embeddable":true,"href":"https:\/\/www.livrariarema.com.br\/loja\/wp-json\/wp\/v2\/comments?post=332774"}],"wp:featuredmedia":[{"embeddable":true,"href":"https:\/\/www.livrariarema.com.br\/loja\/wp-json\/wp\/v2\/media\/332773"}],"wp:attachment":[{"href":"https:\/\/www.livrariarema.com.br\/loja\/wp-json\/wp\/v2\/media?parent=332774"}],"wp:term":[{"taxonomy":"product_cat","embeddable":true,"href":"https:\/\/www.livrariarema.com.br\/loja\/wp-json\/wp\/v2\/product_cat?post=332774"},{"taxonomy":"product_tag","embeddable":true,"href":"https:\/\/www.livrariarema.com.br\/loja\/wp-json\/wp\/v2\/product_tag?post=332774"}],"curies":[{"name":"wp","href":"https:\/\/api.w.org\/{rel}","templated":true}]}}