{"id":332776,"date":"2025-06-30T10:18:07","date_gmt":"2025-06-30T13:18:07","guid":{"rendered":"https:\/\/www.livrariarema.com.br\/loja\/produtos\/sem categoria\/voando-para-leste-emilio-garofalo\/"},"modified":"2025-09-10T09:01:40","modified_gmt":"2025-09-10T12:01:40","slug":"voando-para-leste-emilio-garofalo","status":"publish","type":"product","link":"https:\/\/www.livrariarema.com.br\/loja\/produtos\/livros\/juvenil\/voando-para-leste-emilio-garofalo\/","title":{"rendered":"Voando Para Leste &#8211; Em\u00edlio Garofalo"},"content":{"rendered":"<p>Esse \u00e9 o relato da \u00faltima viagem de Suri, uma comiss\u00e1ria que aproveita o longo trajeto de S\u00e3o Paulo a Doha para refletir sobre o que somos em rela\u00e7\u00e3o ao que fazemos. H\u00e1 momentos em que a vida nos faz querer mudar de rumo. Em outros, ela se parece com um voo para leste: o tempo parece se esvair, o dia fica curto, e a noite parece sem fim. Mas, como diz certa m\u00fasica: &#8220;Por que se preocupar? Deve haver risada ap\u00f3s a dor. Deve haver sol ap\u00f3s a chuva&#8221;. Bem-vindos a bordo.<\/p>\n","protected":false},"excerpt":{"rendered":"<p>Esse \u00e9 o relato da \u00faltima viagem de Suri, uma comiss\u00e1ria que aproveita o longo trajeto de S\u00e3o Paulo a&hellip;<\/p>\n","protected":false},"featured_media":332775,"comment_status":"open","ping_status":"closed","template":"","meta":[],"product_cat":[184,134],"product_tag":[],"_links":{"self":[{"href":"https:\/\/www.livrariarema.com.br\/loja\/wp-json\/wp\/v2\/product\/332776"}],"collection":[{"href":"https:\/\/www.livrariarema.com.br\/loja\/wp-json\/wp\/v2\/product"}],"about":[{"href":"https:\/\/www.livrariarema.com.br\/loja\/wp-json\/wp\/v2\/types\/product"}],"replies":[{"embeddable":true,"href":"https:\/\/www.livrariarema.com.br\/loja\/wp-json\/wp\/v2\/comments?post=332776"}],"wp:featuredmedia":[{"embeddable":true,"href":"https:\/\/www.livrariarema.com.br\/loja\/wp-json\/wp\/v2\/media\/332775"}],"wp:attachment":[{"href":"https:\/\/www.livrariarema.com.br\/loja\/wp-json\/wp\/v2\/media?parent=332776"}],"wp:term":[{"taxonomy":"product_cat","embeddable":true,"href":"https:\/\/www.livrariarema.com.br\/loja\/wp-json\/wp\/v2\/product_cat?post=332776"},{"taxonomy":"product_tag","embeddable":true,"href":"https:\/\/www.livrariarema.com.br\/loja\/wp-json\/wp\/v2\/product_tag?post=332776"}],"curies":[{"name":"wp","href":"https:\/\/api.w.org\/{rel}","templated":true}]}}