{"id":332780,"date":"2025-06-30T10:19:40","date_gmt":"2025-06-30T13:19:40","guid":{"rendered":"https:\/\/www.livrariarema.com.br\/loja\/produtos\/sem categoria\/o-que-se-passou-na-montanha-emilio-garofalo\/"},"modified":"2025-09-10T09:03:20","modified_gmt":"2025-09-10T12:03:20","slug":"o-que-se-passou-na-montanha-emilio-garofalo","status":"publish","type":"product","link":"https:\/\/www.livrariarema.com.br\/loja\/produtos\/livros\/juvenil\/o-que-se-passou-na-montanha-emilio-garofalo\/","title":{"rendered":"O Que Se Passou Na Montanha &#8211; Em\u00edlio Garofalo"},"content":{"rendered":"<p>Dois amigos de meia-idade buscam nas montanhas do Peru algo mais para suas vidas um tanto estagnadas. Mas quando nos distanciamos do usual podemos encontrar coisas esquisitas, situa\u00e7\u00f5es que poderiam ter acontecido ou que aconteceram mesmo. \u00c0s vezes, Deus faz umas coisas bem estranhas (pelo menos do nosso ponto de vista) e talvez seja dif\u00edcil acreditar nessa hist\u00f3ria. Enfim, prepare-se para uma trilha a 4 mil metros de altitude e para conhecer lugares que simplesmente n\u00e3o deveriam estar onde est\u00e3o. Talvez voc\u00ea experimente um leve desconforto, mas tudo bem, \u00e9 normal.<\/p>\n","protected":false},"excerpt":{"rendered":"<p>Dois amigos de meia-idade buscam nas montanhas do Peru algo mais para suas vidas um tanto estagnadas. Mas quando nos&hellip;<\/p>\n","protected":false},"featured_media":332779,"comment_status":"open","ping_status":"closed","template":"","meta":[],"product_cat":[184,134],"product_tag":[],"_links":{"self":[{"href":"https:\/\/www.livrariarema.com.br\/loja\/wp-json\/wp\/v2\/product\/332780"}],"collection":[{"href":"https:\/\/www.livrariarema.com.br\/loja\/wp-json\/wp\/v2\/product"}],"about":[{"href":"https:\/\/www.livrariarema.com.br\/loja\/wp-json\/wp\/v2\/types\/product"}],"replies":[{"embeddable":true,"href":"https:\/\/www.livrariarema.com.br\/loja\/wp-json\/wp\/v2\/comments?post=332780"}],"wp:featuredmedia":[{"embeddable":true,"href":"https:\/\/www.livrariarema.com.br\/loja\/wp-json\/wp\/v2\/media\/332779"}],"wp:attachment":[{"href":"https:\/\/www.livrariarema.com.br\/loja\/wp-json\/wp\/v2\/media?parent=332780"}],"wp:term":[{"taxonomy":"product_cat","embeddable":true,"href":"https:\/\/www.livrariarema.com.br\/loja\/wp-json\/wp\/v2\/product_cat?post=332780"},{"taxonomy":"product_tag","embeddable":true,"href":"https:\/\/www.livrariarema.com.br\/loja\/wp-json\/wp\/v2\/product_tag?post=332780"}],"curies":[{"name":"wp","href":"https:\/\/api.w.org\/{rel}","templated":true}]}}