{"id":332784,"date":"2025-06-30T10:19:49","date_gmt":"2025-06-30T13:19:49","guid":{"rendered":"https:\/\/www.livrariarema.com.br\/loja\/produtos\/sem categoria\/esfirras-de-outro-mundo-emilio-garofalo\/"},"modified":"2025-09-17T09:17:58","modified_gmt":"2025-09-17T12:17:58","slug":"esfirras-de-outro-mundo-emilio-garofalo","status":"publish","type":"product","link":"https:\/\/www.livrariarema.com.br\/loja\/produtos\/livros\/juvenil\/esfirras-de-outro-mundo-emilio-garofalo\/","title":{"rendered":"Esfirras De Outro Mundo &#8211; Em\u00edlio Garofalo"},"content":{"rendered":"<p>O casal de namorados est\u00e1 naquele ponto em que tudo vira briga. J\u00e1 est\u00e1 claro que \u00e9 hora de acabar &#8211; s\u00f3 falta algu\u00e9m tocar no assunto. Essas conversas s\u00e3o sempre dif\u00edceis. Talvez algumas esfirras ajudem a aliviar algo al\u00e9m da fome. Esta conversa, por\u00e9m, est\u00e1 para ficar bem mais complicada do que o natural.<\/p>\n","protected":false},"excerpt":{"rendered":"<p>O casal de namorados est\u00e1 naquele ponto em que tudo vira briga. J\u00e1 est\u00e1 claro que \u00e9 hora de acabar&hellip;<\/p>\n","protected":false},"featured_media":332783,"comment_status":"open","ping_status":"closed","template":"","meta":[],"product_cat":[184,134],"product_tag":[],"_links":{"self":[{"href":"https:\/\/www.livrariarema.com.br\/loja\/wp-json\/wp\/v2\/product\/332784"}],"collection":[{"href":"https:\/\/www.livrariarema.com.br\/loja\/wp-json\/wp\/v2\/product"}],"about":[{"href":"https:\/\/www.livrariarema.com.br\/loja\/wp-json\/wp\/v2\/types\/product"}],"replies":[{"embeddable":true,"href":"https:\/\/www.livrariarema.com.br\/loja\/wp-json\/wp\/v2\/comments?post=332784"}],"wp:featuredmedia":[{"embeddable":true,"href":"https:\/\/www.livrariarema.com.br\/loja\/wp-json\/wp\/v2\/media\/332783"}],"wp:attachment":[{"href":"https:\/\/www.livrariarema.com.br\/loja\/wp-json\/wp\/v2\/media?parent=332784"}],"wp:term":[{"taxonomy":"product_cat","embeddable":true,"href":"https:\/\/www.livrariarema.com.br\/loja\/wp-json\/wp\/v2\/product_cat?post=332784"},{"taxonomy":"product_tag","embeddable":true,"href":"https:\/\/www.livrariarema.com.br\/loja\/wp-json\/wp\/v2\/product_tag?post=332784"}],"curies":[{"name":"wp","href":"https:\/\/api.w.org\/{rel}","templated":true}]}}