{"id":332788,"date":"2025-06-30T10:23:05","date_gmt":"2025-06-30T13:23:05","guid":{"rendered":"https:\/\/www.livrariarema.com.br\/loja\/produtos\/sem categoria\/la-onde-o-coracao-faz-a-curva-emilio-garofalo\/"},"modified":"2026-03-21T11:10:32","modified_gmt":"2026-03-21T14:10:32","slug":"la-onde-o-coracao-faz-a-curva-emilio-garofalo","status":"publish","type":"product","link":"https:\/\/www.livrariarema.com.br\/loja\/produtos\/livros\/juvenil\/la-onde-o-coracao-faz-a-curva-emilio-garofalo\/","title":{"rendered":"L\u00e1 Onde O Cora\u00e7\u00e3o Faz A Curva &#8211; Em\u00edlio Garofalo"},"content":{"rendered":"<p>Uma viagem de carro pode mudar muito. Com suas curvas, lanches, irrita\u00e7\u00f5es e deleites, ela pode mostrar quem realmente somos, ainda mais quando um pai e seu filho percorrem uma sonhada road trip pela Rio-Santos. Em meio a mariscos, areia, saudades e mal-entendidos, o que poderemos encontrar nessas m\u00edticas curvas? O que se passa dentro do peito quando os olhos saem do rotineiro? Quem sabe, ao viajar com os personagens, voc\u00ea consiga ver algo novo tamb\u00e9m. Boa leitura e uma boa viagem!<\/p>\n","protected":false},"excerpt":{"rendered":"<p>Uma viagem de carro pode mudar muito. Com suas curvas, lanches, irrita\u00e7\u00f5es e deleites, ela pode mostrar quem realmente somos,&hellip;<\/p>\n","protected":false},"featured_media":332787,"comment_status":"open","ping_status":"closed","template":"","meta":[],"product_cat":[184,134],"product_tag":[],"_links":{"self":[{"href":"https:\/\/www.livrariarema.com.br\/loja\/wp-json\/wp\/v2\/product\/332788"}],"collection":[{"href":"https:\/\/www.livrariarema.com.br\/loja\/wp-json\/wp\/v2\/product"}],"about":[{"href":"https:\/\/www.livrariarema.com.br\/loja\/wp-json\/wp\/v2\/types\/product"}],"replies":[{"embeddable":true,"href":"https:\/\/www.livrariarema.com.br\/loja\/wp-json\/wp\/v2\/comments?post=332788"}],"wp:featuredmedia":[{"embeddable":true,"href":"https:\/\/www.livrariarema.com.br\/loja\/wp-json\/wp\/v2\/media\/332787"}],"wp:attachment":[{"href":"https:\/\/www.livrariarema.com.br\/loja\/wp-json\/wp\/v2\/media?parent=332788"}],"wp:term":[{"taxonomy":"product_cat","embeddable":true,"href":"https:\/\/www.livrariarema.com.br\/loja\/wp-json\/wp\/v2\/product_cat?post=332788"},{"taxonomy":"product_tag","embeddable":true,"href":"https:\/\/www.livrariarema.com.br\/loja\/wp-json\/wp\/v2\/product_tag?post=332788"}],"curies":[{"name":"wp","href":"https:\/\/api.w.org\/{rel}","templated":true}]}}