{"id":332802,"date":"2025-06-30T10:25:51","date_gmt":"2025-06-30T13:25:51","guid":{"rendered":"https:\/\/www.livrariarema.com.br\/loja\/produtos\/sem categoria\/memorias-em-papel-timbrado-pat-muller\/"},"modified":"2026-02-19T15:05:41","modified_gmt":"2026-02-19T18:05:41","slug":"memorias-em-papel-timbrado-pat-muller","status":"publish","type":"product","link":"https:\/\/www.livrariarema.com.br\/loja\/produtos\/livros\/ficcao\/memorias-em-papel-timbrado-pat-muller\/","title":{"rendered":"Mem\u00f3rias Em Papel Timbrado &#8211; Pat Muller"},"content":{"rendered":"<p>Mem\u00f3rias em papel timbrado apresenta Paula, uma jovem que decide mudar de vida e, ao registrar cartas para um futuro esposo, acaba revelando muito mais sobre si mesma, sua hist\u00f3ria e a a\u00e7\u00e3o silenciosa de Deus em cada detalhe.<\/p>\n<p>Com uma linguagem jovem, cenas envolventes e uma est\u00e9tica delicada, a obra promete emocionar e edificar mulheres crist\u00e3s em busca de uma leitura acolhedora e transformadora.<\/p>\n","protected":false},"excerpt":{"rendered":"<p>Mem\u00f3rias em papel timbrado apresenta Paula, uma jovem que decide mudar de vida e, ao registrar cartas para um futuro&hellip;<\/p>\n","protected":false},"featured_media":339484,"comment_status":"open","ping_status":"closed","template":"","meta":[],"product_cat":[162,134],"product_tag":[],"_links":{"self":[{"href":"https:\/\/www.livrariarema.com.br\/loja\/wp-json\/wp\/v2\/product\/332802"}],"collection":[{"href":"https:\/\/www.livrariarema.com.br\/loja\/wp-json\/wp\/v2\/product"}],"about":[{"href":"https:\/\/www.livrariarema.com.br\/loja\/wp-json\/wp\/v2\/types\/product"}],"replies":[{"embeddable":true,"href":"https:\/\/www.livrariarema.com.br\/loja\/wp-json\/wp\/v2\/comments?post=332802"}],"wp:featuredmedia":[{"embeddable":true,"href":"https:\/\/www.livrariarema.com.br\/loja\/wp-json\/wp\/v2\/media\/339484"}],"wp:attachment":[{"href":"https:\/\/www.livrariarema.com.br\/loja\/wp-json\/wp\/v2\/media?parent=332802"}],"wp:term":[{"taxonomy":"product_cat","embeddable":true,"href":"https:\/\/www.livrariarema.com.br\/loja\/wp-json\/wp\/v2\/product_cat?post=332802"},{"taxonomy":"product_tag","embeddable":true,"href":"https:\/\/www.livrariarema.com.br\/loja\/wp-json\/wp\/v2\/product_tag?post=332802"}],"curies":[{"name":"wp","href":"https:\/\/api.w.org\/{rel}","templated":true}]}}