{"id":332804,"date":"2025-06-30T10:25:56","date_gmt":"2025-06-30T13:25:56","guid":{"rendered":"https:\/\/www.livrariarema.com.br\/loja\/produtos\/sem categoria\/amor-nao-esta-a-venda-o-ana-bezerra-felicio\/"},"modified":"2025-09-17T09:20:46","modified_gmt":"2025-09-17T12:20:46","slug":"amor-nao-esta-a-venda-o-ana-bezerra-felicio","status":"publish","type":"product","link":"https:\/\/www.livrariarema.com.br\/loja\/produtos\/livros\/vida-crista\/amor-nao-esta-a-venda-o-ana-bezerra-felicio\/","title":{"rendered":"Amor N\u00e3o Est\u00e1 \u00c0 Venda, O &#8211; Ana Bezerra Fel\u00edcio"},"content":{"rendered":"<p>Ana Bezerra &#8211; doutora em lingu\u00edstica e especialista em poesia hebraica &#8211; oferece uma leitura teol\u00f3gica, po\u00e9tica e afetiva sobre o amor humano. Em uma abordagem \u00fanica, a obra evidencia o protagonismo de uma jovem mulher preta, que desafia estruturas patriarcais e convoca o leitor a revisitar a B\u00edblia com um olhar mais sens\u00edvel, belo e justo.<\/p>\n<p>Com profundidade acad\u00eamica e linguagem acess\u00edvel, Ana transforma o C\u00e2ntico em um convite \u00e0 mutualidade, \u00e0 espiritualidade encarnada e ao reencontro com o amor que n\u00e3o pode ser comprado.<\/p>\n","protected":false},"excerpt":{"rendered":"<p>Ana Bezerra &#8211; doutora em lingu\u00edstica e especialista em poesia hebraica &#8211; oferece uma leitura teol\u00f3gica, po\u00e9tica e afetiva sobre&hellip;<\/p>\n","protected":false},"featured_media":332803,"comment_status":"open","ping_status":"closed","template":"","meta":[],"product_cat":[134,137],"product_tag":[],"_links":{"self":[{"href":"https:\/\/www.livrariarema.com.br\/loja\/wp-json\/wp\/v2\/product\/332804"}],"collection":[{"href":"https:\/\/www.livrariarema.com.br\/loja\/wp-json\/wp\/v2\/product"}],"about":[{"href":"https:\/\/www.livrariarema.com.br\/loja\/wp-json\/wp\/v2\/types\/product"}],"replies":[{"embeddable":true,"href":"https:\/\/www.livrariarema.com.br\/loja\/wp-json\/wp\/v2\/comments?post=332804"}],"wp:featuredmedia":[{"embeddable":true,"href":"https:\/\/www.livrariarema.com.br\/loja\/wp-json\/wp\/v2\/media\/332803"}],"wp:attachment":[{"href":"https:\/\/www.livrariarema.com.br\/loja\/wp-json\/wp\/v2\/media?parent=332804"}],"wp:term":[{"taxonomy":"product_cat","embeddable":true,"href":"https:\/\/www.livrariarema.com.br\/loja\/wp-json\/wp\/v2\/product_cat?post=332804"},{"taxonomy":"product_tag","embeddable":true,"href":"https:\/\/www.livrariarema.com.br\/loja\/wp-json\/wp\/v2\/product_tag?post=332804"}],"curies":[{"name":"wp","href":"https:\/\/api.w.org\/{rel}","templated":true}]}}