{"id":332814,"date":"2025-06-30T10:26:58","date_gmt":"2025-06-30T13:26:58","guid":{"rendered":"https:\/\/www.livrariarema.com.br\/loja\/produtos\/sem categoria\/dragao-de-vestido-hannah-spuler\/"},"modified":"2026-02-28T11:37:29","modified_gmt":"2026-02-28T14:37:29","slug":"dragao-de-vestido-hannah-spuler","status":"publish","type":"product","link":"https:\/\/www.livrariarema.com.br\/loja\/produtos\/livros\/infantil\/dragao-de-vestido-hannah-spuler\/","title":{"rendered":"Drag\u00e3o De Vestido &#8211; Hannah Spuler"},"content":{"rendered":"<p>O drag\u00e3o de vestido \u00e9 um encantador livro ilustrado infantil que combina sem esfor\u00e7o fantasia com aventura. A hist\u00f3ria, repleta de personagens cativantes, incluindo um drag\u00e3o de vestido, um cavaleiro, um rei, um gato que canta, unic\u00f3rnios, um trio de T-Rex e muito mais, \u00e9 din\u00e2mica e envolvente. A narrativa, ao mesmo tempo cheia de a\u00e7\u00e3o e comovente, \u00e9 acess\u00edvel a jovens leitores e um deleite para os adultos lerem em voz alta.<\/p>\n<p>As deslumbrantes ilustra\u00e7\u00f5es em aquarela s\u00e3o vibrantes e vivas. Cada p\u00e1gina \u00e9 um banquete visual, rico em cores e detalhes. Com tanto para explorar, as crian\u00e7as ficar\u00e3o cativadas do in\u00edcio ao fim.<\/p>\n<p>O drag\u00e3o de vestido sem d\u00favida se tornar\u00e1 um amado cl\u00e1ssico dos livros ilustrados.<\/p>\n","protected":false},"excerpt":{"rendered":"<p>O drag\u00e3o de vestido \u00e9 um encantador livro ilustrado infantil que combina sem esfor\u00e7o fantasia com aventura. A hist\u00f3ria, repleta&hellip;<\/p>\n","protected":false},"featured_media":332978,"comment_status":"open","ping_status":"closed","template":"","meta":[],"product_cat":[144,134],"product_tag":[],"_links":{"self":[{"href":"https:\/\/www.livrariarema.com.br\/loja\/wp-json\/wp\/v2\/product\/332814"}],"collection":[{"href":"https:\/\/www.livrariarema.com.br\/loja\/wp-json\/wp\/v2\/product"}],"about":[{"href":"https:\/\/www.livrariarema.com.br\/loja\/wp-json\/wp\/v2\/types\/product"}],"replies":[{"embeddable":true,"href":"https:\/\/www.livrariarema.com.br\/loja\/wp-json\/wp\/v2\/comments?post=332814"}],"wp:featuredmedia":[{"embeddable":true,"href":"https:\/\/www.livrariarema.com.br\/loja\/wp-json\/wp\/v2\/media\/332978"}],"wp:attachment":[{"href":"https:\/\/www.livrariarema.com.br\/loja\/wp-json\/wp\/v2\/media?parent=332814"}],"wp:term":[{"taxonomy":"product_cat","embeddable":true,"href":"https:\/\/www.livrariarema.com.br\/loja\/wp-json\/wp\/v2\/product_cat?post=332814"},{"taxonomy":"product_tag","embeddable":true,"href":"https:\/\/www.livrariarema.com.br\/loja\/wp-json\/wp\/v2\/product_tag?post=332814"}],"curies":[{"name":"wp","href":"https:\/\/api.w.org\/{rel}","templated":true}]}}