{"id":332818,"date":"2025-06-30T10:27:11","date_gmt":"2025-06-30T13:27:11","guid":{"rendered":"https:\/\/www.livrariarema.com.br\/loja\/produtos\/sem categoria\/uma-promessa-por-dia-eldo-ferreira-dos-santos-gilsa-pancote-gary-haynes\/"},"modified":"2026-03-11T12:40:39","modified_gmt":"2026-03-11T15:40:39","slug":"uma-promessa-por-dia-eldo-ferreira-dos-santos-gilsa-pancote-gary-haynes","status":"publish","type":"product","link":"https:\/\/www.livrariarema.com.br\/loja\/produtos\/livros\/devocional\/uma-promessa-por-dia-eldo-ferreira-dos-santos-gilsa-pancote-gary-haynes\/","title":{"rendered":"Uma Promessa Por Dia &#8211; Eldo Ferreira Dos Santos, Gilsa Pancote, Gary Haynes"},"content":{"rendered":"<p>Est\u00e1 pronto para viver um novo momento em sua vida espiritual? Deseja experimentar pessoalmente as b\u00ean\u00e7\u00e3os e os milagres de Deus?<br \/>\nUma Promessa Por Dia chegou para transformar sua vida!<\/p>\n<p>Neste devocional, voc\u00ea descobrir\u00e1 um dos principais segredos para desfrutar de todas as b\u00ean\u00e7\u00e3os de Deus: compreender, acreditar e tomar posse de tudo o que Ele prometeu!<br \/>\nMuitas das promessas de Deus s\u00e3o condicionais, ou seja, dependem de nossa f\u00e9, atitudes e a\u00e7\u00f5es para se tornarem realidade em nossa vida.<\/p>\n<p>O devocional Uma Promessa Por Dia apresenta uma se\u00e7\u00e3o in\u00e9dita: a declara\u00e7\u00e3o personalizada da promessa de Deus sobre sua vida, sua fam\u00edlia, seus vizinhos e sua cidade. Cada p\u00e1gina traz uma confiss\u00e3o customizada sobre a promessa do dia para voc\u00ea declarar em voz alta, como uma declara\u00e7\u00e3o de f\u00e9! <\/p>\n<p>Ao usar Uma Promessa Por Dia como uma ferramenta di\u00e1ria de medita\u00e7\u00e3o e ora\u00e7\u00e3o em seu tempo com Deus, voc\u00ea abrir\u00e1 caminho para ver as promessas d`Ele se cumprirem de forma extraordin\u00e1ria. <br \/>\nIsso pode mudar tudo para melhor!<\/p>\n<p>Este devocional inspirador mostrar\u00e1 que as promessas de Deus:<br \/>\n&#8211; S\u00e3o como uma b\u00fassola espiritual;<br \/>\n&#8211; Trazem esperan\u00e7a em tempos dif\u00edceis;<br \/>\n&#8211; S\u00e3o fi\u00e9is e verdadeiras;<br \/>\n&#8211; S\u00e3o pessoais e exclusivas para cada um de n\u00f3s;<br \/>\n&#8211; Fortalecem nossa f\u00e9;<br \/>\n&#8211; Nunca falham!<\/p>\n<p>Prepare-se para viver uma jornada transformadora com Uma Promessa Por Dia e experimente o poder das promessas de Deus em sua vida<\/p>\n","protected":false},"excerpt":{"rendered":"<p>Est\u00e1 pronto para viver um novo momento em sua vida espiritual? Deseja experimentar pessoalmente as b\u00ean\u00e7\u00e3os e os milagres de&hellip;<\/p>\n","protected":false},"featured_media":332841,"comment_status":"open","ping_status":"closed","template":"","meta":[],"product_cat":[158,134],"product_tag":[],"_links":{"self":[{"href":"https:\/\/www.livrariarema.com.br\/loja\/wp-json\/wp\/v2\/product\/332818"}],"collection":[{"href":"https:\/\/www.livrariarema.com.br\/loja\/wp-json\/wp\/v2\/product"}],"about":[{"href":"https:\/\/www.livrariarema.com.br\/loja\/wp-json\/wp\/v2\/types\/product"}],"replies":[{"embeddable":true,"href":"https:\/\/www.livrariarema.com.br\/loja\/wp-json\/wp\/v2\/comments?post=332818"}],"wp:featuredmedia":[{"embeddable":true,"href":"https:\/\/www.livrariarema.com.br\/loja\/wp-json\/wp\/v2\/media\/332841"}],"wp:attachment":[{"href":"https:\/\/www.livrariarema.com.br\/loja\/wp-json\/wp\/v2\/media?parent=332818"}],"wp:term":[{"taxonomy":"product_cat","embeddable":true,"href":"https:\/\/www.livrariarema.com.br\/loja\/wp-json\/wp\/v2\/product_cat?post=332818"},{"taxonomy":"product_tag","embeddable":true,"href":"https:\/\/www.livrariarema.com.br\/loja\/wp-json\/wp\/v2\/product_tag?post=332818"}],"curies":[{"name":"wp","href":"https:\/\/api.w.org\/{rel}","templated":true}]}}