{"id":332822,"date":"2025-06-30T10:27:22","date_gmt":"2025-06-30T13:27:22","guid":{"rendered":"https:\/\/www.livrariarema.com.br\/loja\/produtos\/sem%20categoria\/jejuar-uma-revolucao-na-vida-espiritual-elmer-l-towns\/"},"modified":"2026-01-02T11:11:14","modified_gmt":"2026-01-02T14:11:14","slug":"jejuar-uma-revolucao-na-vida-espiritual-elmer-l-towns","status":"publish","type":"product","link":"https:\/\/www.livrariarema.com.br\/loja\/produtos\/livros\/oracao\/jejuar-uma-revolucao-na-vida-espiritual-elmer-l-towns\/","title":{"rendered":"Jejuar &#8211; Uma Revolu\u00e7\u00e3o Na Vida Espiritual &#8211; Elmer L. Towns"},"content":{"rendered":"<p>Para ser um verdadeiro vencedor em Cristo, todo crist\u00e3o deve passar por uma imprescind\u00edvel etapa: aprender a jejuar. Jejuando, podemos fortalecer nossa f\u00e9 para nos aproximarmos mais de Deus. Neste completo livro, voc\u00ea descobrir\u00e1 a import\u00e2ncia dessa pr\u00e1tica descrita e confirmada em diversas passagens b\u00edblicas. Aqui tamb\u00e9m s\u00e3o analisados e ensinados nove diferentes tipos de jejuns b\u00edblicos, cada um destinado a um resultado f\u00edsico ou espiritual. Com a leitura do pr\u00e1tico &#8220;Jejuar &#8211; uma Revolu\u00e7\u00e3o na Vida Espiritual&#8221;, suas perguntas sobre o jejum ser\u00e3o respondidas de forma clara. A cada p\u00e1gina voc\u00ea compreender\u00e1 como esta disciplina pode ser importante para o seu progresso espiritual e o melhor caminho para renovar a motiva\u00e7\u00e3o dos minist\u00e9rios de ora\u00e7\u00e3o e jejum da sua igreja.<\/p>\n","protected":false},"excerpt":{"rendered":"<p>Para ser um verdadeiro vencedor em Cristo, todo crist\u00e3o deve passar por uma imprescind\u00edvel etapa: aprender a jejuar. Jejuando, podemos&hellip;<\/p>\n","protected":false},"featured_media":332844,"comment_status":"open","ping_status":"closed","template":"","meta":[],"product_cat":[134,171],"product_tag":[],"_links":{"self":[{"href":"https:\/\/www.livrariarema.com.br\/loja\/wp-json\/wp\/v2\/product\/332822"}],"collection":[{"href":"https:\/\/www.livrariarema.com.br\/loja\/wp-json\/wp\/v2\/product"}],"about":[{"href":"https:\/\/www.livrariarema.com.br\/loja\/wp-json\/wp\/v2\/types\/product"}],"replies":[{"embeddable":true,"href":"https:\/\/www.livrariarema.com.br\/loja\/wp-json\/wp\/v2\/comments?post=332822"}],"wp:featuredmedia":[{"embeddable":true,"href":"https:\/\/www.livrariarema.com.br\/loja\/wp-json\/wp\/v2\/media\/332844"}],"wp:attachment":[{"href":"https:\/\/www.livrariarema.com.br\/loja\/wp-json\/wp\/v2\/media?parent=332822"}],"wp:term":[{"taxonomy":"product_cat","embeddable":true,"href":"https:\/\/www.livrariarema.com.br\/loja\/wp-json\/wp\/v2\/product_cat?post=332822"},{"taxonomy":"product_tag","embeddable":true,"href":"https:\/\/www.livrariarema.com.br\/loja\/wp-json\/wp\/v2\/product_tag?post=332822"}],"curies":[{"name":"wp","href":"https:\/\/api.w.org\/{rel}","templated":true}]}}