{"id":332894,"date":"2025-07-01T14:53:07","date_gmt":"2025-07-01T17:53:07","guid":{"rendered":"https:\/\/www.livrariarema.com.br\/loja\/produtos\/sem categoria\/biblia-de-estudo-joyce-meyer-floral\/"},"modified":"2026-01-09T10:30:53","modified_gmt":"2026-01-09T13:30:53","slug":"biblia-de-estudo-joyce-meyer-floral","status":"publish","type":"product","link":"https:\/\/www.livrariarema.com.br\/loja\/produtos\/biblias\/estudo-feminina\/biblia-de-estudo-joyce-meyer-floral\/","title":{"rendered":"Biblia De Estudo Joyce Meyer &#8211; Floral"},"content":{"rendered":"<p>Joyce Meyer, uma grande escritora e tamb\u00e9m, uma das mais reconhecidas e respeitadas mestras da B\u00edblia, por isso, sua percep\u00e7\u00e3o das Escrituras \u00e9 um recurso inestim\u00e1vel para muitos estudiosos da Palavra de Deus. Agora, a B\u00edblia de Estudos da Joyce Meyer \u00e9 a ferramenta que voc\u00ea tem em m\u00e3os para compreender e amar a B\u00edblia t\u00e3o profundamente quanto Joyce.<\/p>\n<p>O seu conhecimento da B\u00edblia Sagrada, fruto de pesquisas profundas, e a sua paix\u00e3o por se relacionar com a sagrada Palavra de Deus diretamente com a vida di\u00e1ria s\u00e3o companheiros inspiradores que Joyce acrescenta \u00e0 leitura da Nova Vers\u00e3o Internacional da B\u00edblia. <\/p>\n<p>A B\u00edblia pode ser de dif\u00edcil leitura e compreens\u00e3o. Seu objetivo ao oferecer a voc\u00ea esta B\u00edblia exclusiva com suas notas e coment\u00e1rios \u00e9 construir pontes s\u00f3lidas entre as palavras da B\u00edblia e a sua vida di\u00e1ria.<\/p>\n<p>Esperamos que a B\u00edblia de Estudos da Joyce Meyer o ajude a aplicar as verdades da palavra de Deus \u00e0 sua vida atrav\u00e9s de suas contribui\u00e7\u00f5es, que incluem:<br \/>\t<br \/>\n &#8211; INTRODU\u00c7\u00c3O AOS LIVROS, que incluem um breve relato no in\u00edcio de cada livro da B\u00edblia.<br \/>\t<br \/>\n&#8211; PRINC\u00cdPIOS PARA A VIDA, que tra\u00e7am uma linha entre as palavras do texto e a experi\u00eancia do leitor.<br \/>\t<br \/>\n&#8211; ARTIGOS PARA A VIDA DI\u00c1RIA, que se concentram em passagens espec\u00edficas e trazem a percep\u00e7\u00e3o e os ensinamentos de Joyce.<br \/>\n&#8211; COLOCANDO A PALAVRA EM A\u00c7\u00c3O, que traz algumas das perguntas diretas de Joyce para incentivar a reflex\u00e3o, e em seguida, a a\u00e7\u00e3o.<br \/>\n&#8211; DECLARE A PALAVRA, que apresenta vers\u00edculos adaptados para serem feitos como ora\u00e7\u00f5es individuais de confiss\u00e3o, trazendo as promessas da B\u00edblia para um n\u00edvel totalmente novo e pessoal.<\/p>\n<p>A abordagem simples e direta de Joyce em rela\u00e7\u00e3o \u00e0 vida tornou-se reconhecida por muitos como mestra, mentora, e amiga.<\/p>\n","protected":false},"excerpt":{"rendered":"<p>Joyce Meyer, uma grande escritora e tamb\u00e9m, uma das mais reconhecidas e respeitadas mestras da B\u00edblia, por isso, sua percep\u00e7\u00e3o&hellip;<\/p>\n","protected":false},"featured_media":332893,"comment_status":"open","ping_status":"closed","template":"","meta":[],"product_cat":[139,175],"product_tag":[],"_links":{"self":[{"href":"https:\/\/www.livrariarema.com.br\/loja\/wp-json\/wp\/v2\/product\/332894"}],"collection":[{"href":"https:\/\/www.livrariarema.com.br\/loja\/wp-json\/wp\/v2\/product"}],"about":[{"href":"https:\/\/www.livrariarema.com.br\/loja\/wp-json\/wp\/v2\/types\/product"}],"replies":[{"embeddable":true,"href":"https:\/\/www.livrariarema.com.br\/loja\/wp-json\/wp\/v2\/comments?post=332894"}],"wp:featuredmedia":[{"embeddable":true,"href":"https:\/\/www.livrariarema.com.br\/loja\/wp-json\/wp\/v2\/media\/332893"}],"wp:attachment":[{"href":"https:\/\/www.livrariarema.com.br\/loja\/wp-json\/wp\/v2\/media?parent=332894"}],"wp:term":[{"taxonomy":"product_cat","embeddable":true,"href":"https:\/\/www.livrariarema.com.br\/loja\/wp-json\/wp\/v2\/product_cat?post=332894"},{"taxonomy":"product_tag","embeddable":true,"href":"https:\/\/www.livrariarema.com.br\/loja\/wp-json\/wp\/v2\/product_tag?post=332894"}],"curies":[{"name":"wp","href":"https:\/\/api.w.org\/{rel}","templated":true}]}}