{"id":332898,"date":"2025-07-01T14:53:23","date_gmt":"2025-07-01T17:53:23","guid":{"rendered":"https:\/\/www.livrariarema.com.br\/loja\/produtos\/sem categoria\/biblia-de-estudo-joyce-meyer-marsalla\/"},"modified":"2026-01-08T10:30:34","modified_gmt":"2026-01-08T13:30:34","slug":"biblia-de-estudo-joyce-meyer-marsalla","status":"publish","type":"product","link":"https:\/\/www.livrariarema.com.br\/loja\/produtos\/biblias\/estudo-feminina\/biblia-de-estudo-joyce-meyer-marsalla\/","title":{"rendered":"Biblia De Estudo Joyce Meyer &#8211; Marsalla"},"content":{"rendered":"<p>A B\u00edblia De Estudos Joyce Meyer \u00e9 a ferramenta que voc\u00ea tem em m\u00e3os para compreender e amar a B\u00edblia t\u00e3o profundamente quanto Joyce. O seu conhecimento da B\u00edblia, fruto de pesquisas profundas, e a sua paix\u00e3o por relacionar a Palavra de Deus diretamente com a vida di\u00e1ria s\u00e3o companheiros inspiradores que Joyce acrescenta \u00e0 leitura da Nova Vers\u00e3o Internacional da B\u00edblia. A B\u00edblia pode ser de dif\u00edcil leitura e compreens\u00e3o. Seu objetivo ao oferecer a voc\u00ea esta B\u00edblia exclusiva com suas notas e coment\u00e1rios \u00e9 construir pontes s\u00f3lidas entre as palavras da B\u00edblia e a sua vida di\u00e1ria.<\/p>\n<p>Joyce Meyer espera que a B\u00edblia De Estudos Joyce Meyer o ajude a aplicar as verdades da palavra de Deus \u00e0 sua vida atrav\u00e9s de suas contribui\u00e7\u00f5es, que incluem:<br \/>\n&#8211; Introdu\u00e7\u00e3o aos livros: que incluem um breve relato no in\u00edcio de cada livro da B\u00edblia. <br \/>\n&#8211; Princ\u00edpios para a vida: que tra\u00e7am uma linha entre as palavras do texto e a experi\u00eancia do leitor.<br \/> <br \/>\n&#8211; Artigos para a vida di\u00e1ria: que se concentram em passagens espec\u00edficas e trazem a percep\u00e7\u00e3o e os ensinamentos de Joyce. <br \/>\n&#8211; Colocando a palavra em a\u00e7\u00e3o: que traz algumas das perguntas diretas de Joyce para incentivar a reflex\u00e3o, e em seguida, a a\u00e7\u00e3o. <br \/>\n&#8211; Declare a palavra: que apresenta vers\u00edculos adaptados para serem feitos como ora\u00e7\u00f5es individuais de confiss\u00e3o, trazendo as promessas da B\u00edblia para um n\u00edvel totalmente novo e pessoal. <\/p>\n<p>A abordagem simples e direta de Joyce em rela\u00e7\u00e3o \u00e0 vida tornou-se admirada por muitos como mestra, mentora, e amiga. Ter acesso a seus pensamentos e ensinamentos ao estudar a B\u00edblia dar\u00e1 uma nova dimens\u00e3o \u00e0s palavras de vida e voc\u00ea se sentir\u00e1 como se tivesse a pr\u00f3pria Joyce Meyer como sua companheira de estudos.<\/p>\n","protected":false},"excerpt":{"rendered":"<p>A B\u00edblia De Estudos Joyce Meyer \u00e9 a ferramenta que voc\u00ea tem em m\u00e3os para compreender e amar a B\u00edblia&hellip;<\/p>\n","protected":false},"featured_media":332897,"comment_status":"open","ping_status":"closed","template":"","meta":[],"product_cat":[139,175],"product_tag":[],"_links":{"self":[{"href":"https:\/\/www.livrariarema.com.br\/loja\/wp-json\/wp\/v2\/product\/332898"}],"collection":[{"href":"https:\/\/www.livrariarema.com.br\/loja\/wp-json\/wp\/v2\/product"}],"about":[{"href":"https:\/\/www.livrariarema.com.br\/loja\/wp-json\/wp\/v2\/types\/product"}],"replies":[{"embeddable":true,"href":"https:\/\/www.livrariarema.com.br\/loja\/wp-json\/wp\/v2\/comments?post=332898"}],"wp:featuredmedia":[{"embeddable":true,"href":"https:\/\/www.livrariarema.com.br\/loja\/wp-json\/wp\/v2\/media\/332897"}],"wp:attachment":[{"href":"https:\/\/www.livrariarema.com.br\/loja\/wp-json\/wp\/v2\/media?parent=332898"}],"wp:term":[{"taxonomy":"product_cat","embeddable":true,"href":"https:\/\/www.livrariarema.com.br\/loja\/wp-json\/wp\/v2\/product_cat?post=332898"},{"taxonomy":"product_tag","embeddable":true,"href":"https:\/\/www.livrariarema.com.br\/loja\/wp-json\/wp\/v2\/product_tag?post=332898"}],"curies":[{"name":"wp","href":"https:\/\/api.w.org\/{rel}","templated":true}]}}