{"id":332908,"date":"2025-07-01T14:53:53","date_gmt":"2025-07-01T17:53:53","guid":{"rendered":"https:\/\/www.livrariarema.com.br\/loja\/produtos\/sem categoria\/biblia-campo-de-batalha-da-mente-joyce-meyer-preta\/"},"modified":"2026-04-28T16:40:50","modified_gmt":"2026-04-28T19:40:50","slug":"biblia-campo-de-batalha-da-mente-joyce-meyer-preta","status":"publish","type":"product","link":"https:\/\/www.livrariarema.com.br\/loja\/produtos\/biblias\/estudo\/biblia-campo-de-batalha-da-mente-joyce-meyer-preta\/","title":{"rendered":"Biblia Campo De Batalha Da Mente &#8211; Joyce Meyer &#8211; Preta"},"content":{"rendered":"<p>EQUIPANDO VOC\u00ca PARA A BATALHA EM SUA MENTE<\/p>\n<p>Preocupa\u00e7\u00e3o, d\u00favida, confus\u00e3o, depress\u00e3o, raiva e sentimentos de condena\u00e7\u00e3o&#8230; todos esses ataques s\u00e3o contra a mente. Se voc\u00ea luta com pensamentos negativos, anime-se, porque a B\u00edblia Campo de Batalha da Mente o ajudar\u00e1 a vencer essas batalhas important\u00edssimas por meio da aplica\u00e7\u00e3o pr\u00e1tica e clara da Palavra de Deus. Com notas, coment\u00e1rios e percep\u00e7\u00f5es in\u00e9ditas de Joyce Meyer, a B\u00edblia Campo de Batalha da Mente est\u00e1 repleta de recursos para ajud\u00e1-lo a lidar com os milhares de pensamentos que voc\u00ea tem todos os dias e focar sua mente para pensar da maneira que Deus pensa.<\/p>\n<p>Nela cont\u00e9m:<br \/>\n&#8211; Introdu\u00e7\u00e3o aos livros da b\u00edblia &#8211; reflex\u00f5es sobre a import\u00e2ncia de cada livro e como ele se relaciona com o campo de batalha da mente; <br \/>\n&#8211; Vencendo as batalhas da mente &#8211; li\u00e7\u00f5es b\u00e1sicas para ajud\u00e1-lo a aplicar verdades b\u00edblicas espec\u00edficas para vencer suas batalhas;<br \/>\n&#8211; Uma ora\u00e7\u00e3o para a vit\u00f3ria &#8211; Ora\u00e7\u00f5es com base nos textos b\u00edblicos para ajud\u00e1-lo a reivindicar a garantia de vit\u00f3ria de Deus;<br \/>\n&#8211; Uma ora\u00e7\u00e3o para renovar sua mente &#8211; para aprender a pensar da maneira que Deus pensa;<br \/>\n&#8211; Chaves para uma vida vitoriosa &#8211; verdades pr\u00e1ticas para superar desafios emocionais ou mentais;<br \/>\n&#8211; Pontos poderosos &#8211; percep\u00e7\u00f5es sobre como pensar, expressar, falar e viver vitoriosamente;<br \/>\n&#8211; Fale a palavra de deus &#8211; confiss\u00f5es b\u00edblicas em primeira pessoa para treinar sua mente para a vit\u00f3ria final;<br \/>\n&#8211; Chave b\u00edblica pensamentos e palavras &#8211; mais de duzentas passagens da B\u00edblia que ensinam como pensar e falar de acordo com a Palavra de Deus.<\/p>\n<p>S\u00f3 h\u00e1 uma forma de vencer a batalha da mente: Com a palavra de Deus.<\/p>\n","protected":false},"excerpt":{"rendered":"<p>EQUIPANDO VOC\u00ca PARA A BATALHA EM SUA MENTE Preocupa\u00e7\u00e3o, d\u00favida, confus\u00e3o, depress\u00e3o, raiva e sentimentos de condena\u00e7\u00e3o&#8230; todos esses ataques&hellip;<\/p>\n","protected":false},"featured_media":339387,"comment_status":"open","ping_status":"closed","template":"","meta":[],"product_cat":[139,140],"product_tag":[],"_links":{"self":[{"href":"https:\/\/www.livrariarema.com.br\/loja\/wp-json\/wp\/v2\/product\/332908"}],"collection":[{"href":"https:\/\/www.livrariarema.com.br\/loja\/wp-json\/wp\/v2\/product"}],"about":[{"href":"https:\/\/www.livrariarema.com.br\/loja\/wp-json\/wp\/v2\/types\/product"}],"replies":[{"embeddable":true,"href":"https:\/\/www.livrariarema.com.br\/loja\/wp-json\/wp\/v2\/comments?post=332908"}],"wp:featuredmedia":[{"embeddable":true,"href":"https:\/\/www.livrariarema.com.br\/loja\/wp-json\/wp\/v2\/media\/339387"}],"wp:attachment":[{"href":"https:\/\/www.livrariarema.com.br\/loja\/wp-json\/wp\/v2\/media?parent=332908"}],"wp:term":[{"taxonomy":"product_cat","embeddable":true,"href":"https:\/\/www.livrariarema.com.br\/loja\/wp-json\/wp\/v2\/product_cat?post=332908"},{"taxonomy":"product_tag","embeddable":true,"href":"https:\/\/www.livrariarema.com.br\/loja\/wp-json\/wp\/v2\/product_tag?post=332908"}],"curies":[{"name":"wp","href":"https:\/\/api.w.org\/{rel}","templated":true}]}}