{"id":332912,"date":"2025-07-01T14:54:03","date_gmt":"2025-07-01T17:54:03","guid":{"rendered":"https:\/\/www.livrariarema.com.br\/loja\/produtos\/sem categoria\/biblia-minha-biblia-diaria-joyce-meyer-tulipa\/"},"modified":"2026-01-14T13:30:29","modified_gmt":"2026-01-14T16:30:29","slug":"biblia-minha-biblia-diaria-joyce-meyer-tulipa","status":"publish","type":"product","link":"https:\/\/www.livrariarema.com.br\/loja\/produtos\/biblias\/nvi\/biblia-minha-biblia-diaria-joyce-meyer-tulipa\/","title":{"rendered":"B\u00edblia Minha B\u00edblia Di\u00e1ria &#8211; Joyce Meyer &#8211; Tulipa"},"content":{"rendered":"<p>MINHA B\u00cdBLIA DI\u00c1RIA DA BELLO EDITORA \u00c9 MUITO MAIS DO QUE UMA SIMPLES B\u00cdBLIA <\/p>\n<p>Ela \u00e9 uma verdadeira companheira de jornada espiritual, pensada especialmente em cora\u00e7\u00f5es que desejam aprofundar sua rela\u00e7\u00e3o com Deus de maneira \u00edntima, criativa e significativa. Com um lindo projeto gr\u00e1fico, essa edi\u00e7\u00e3o foi desenvolvida para transformar seus momentos devocionais em experi\u00eancias ainda mais pessoais e profundas.<\/p>\n<p>Um dos grandes diferenciais dessa B\u00edblia s\u00e3o as margens amplas para anota\u00e7\u00f5es. Elas oferecem espa\u00e7o de sobra para que voc\u00ea registre suas ora\u00e7\u00f5es, reflex\u00f5es, e inspira\u00e7\u00f5es recebidas durante a leitura, ou at\u00e9 mesmo se expresse por meio de desenhos e arte b\u00edblica. Isso torna cada p\u00e1gina \u00fanica e especial, como um di\u00e1rio espiritual que cresce e se transforma ao longo do tempo com voc\u00ea.<\/p>\n<p>O texto b\u00edblico \u00e9 apresentado na Nova Vers\u00e3o Internacional (NVI), uma tradu\u00e7\u00e3o clara, fiel e acess\u00edvel, ideal para o estudo di\u00e1rio e para entender com profundidade a Palavra de Deus em uma linguagem atual e envolvente. Al\u00e9m disso, o papel utilizado \u00e9 mais encorpado, o que evita que a tinta das canetas ou marcadores passe para o outro lado da folha &#8211; perfeito para quem ama caprichar nas anota\u00e7\u00f5es ou ilustra\u00e7\u00f5es.<\/p>\n<p>A Minha B\u00edblia Di\u00e1ria \u00e9 uma excelente ferramenta para os seus momentos devocionais, pois convida voc\u00ea a desacelerar, meditar nas Escrituras e dialogar com Jesus todos os dias. Ela se torna um espa\u00e7o sagrado onde voc\u00ea pode registrar suas lutas, agradecimentos, sonhos e promessas recebidas, construindo uma mem\u00f3ria espiritual viva e constante.<\/p>\n<p>Se voc\u00ea deseja cultivar um relacionamento mais \u00edntimo e di\u00e1rio com Jesus, e ainda expressar sua f\u00e9 de forma criativa e personalizada, a Minha B\u00edblia Di\u00e1ria \u00e9 o recurso ideal. Mais do que uma B\u00edblia, ela \u00e9 um convite \u00e0 presen\u00e7a de Deus &#8211; todos os dias, no seu ritmo, do seu jeito.<\/p>\n","protected":false},"excerpt":{"rendered":"<p>MINHA B\u00cdBLIA DI\u00c1RIA DA BELLO EDITORA \u00c9 MUITO MAIS DO QUE UMA SIMPLES B\u00cdBLIA Ela \u00e9 uma verdadeira companheira de&hellip;<\/p>\n","protected":false},"featured_media":332911,"comment_status":"open","ping_status":"closed","template":"","meta":[],"product_cat":[139,166],"product_tag":[],"_links":{"self":[{"href":"https:\/\/www.livrariarema.com.br\/loja\/wp-json\/wp\/v2\/product\/332912"}],"collection":[{"href":"https:\/\/www.livrariarema.com.br\/loja\/wp-json\/wp\/v2\/product"}],"about":[{"href":"https:\/\/www.livrariarema.com.br\/loja\/wp-json\/wp\/v2\/types\/product"}],"replies":[{"embeddable":true,"href":"https:\/\/www.livrariarema.com.br\/loja\/wp-json\/wp\/v2\/comments?post=332912"}],"wp:featuredmedia":[{"embeddable":true,"href":"https:\/\/www.livrariarema.com.br\/loja\/wp-json\/wp\/v2\/media\/332911"}],"wp:attachment":[{"href":"https:\/\/www.livrariarema.com.br\/loja\/wp-json\/wp\/v2\/media?parent=332912"}],"wp:term":[{"taxonomy":"product_cat","embeddable":true,"href":"https:\/\/www.livrariarema.com.br\/loja\/wp-json\/wp\/v2\/product_cat?post=332912"},{"taxonomy":"product_tag","embeddable":true,"href":"https:\/\/www.livrariarema.com.br\/loja\/wp-json\/wp\/v2\/product_tag?post=332912"}],"curies":[{"name":"wp","href":"https:\/\/api.w.org\/{rel}","templated":true}]}}