{"id":332944,"date":"2025-07-01T15:24:03","date_gmt":"2025-07-01T18:24:03","guid":{"rendered":"https:\/\/www.livrariarema.com.br\/loja\/produtos\/sem%20categoria\/abencoados-no-caos-joyce-meyer\/"},"modified":"2026-04-14T17:01:32","modified_gmt":"2026-04-14T20:01:32","slug":"abencoados-no-caos-joyce-meyer","status":"publish","type":"product","link":"https:\/\/www.livrariarema.com.br\/loja\/produtos\/livros\/vida-crista\/abencoados-no-caos-joyce-meyer\/","title":{"rendered":"Aben\u00e7oados No Caos &#8211; Joyce Meyer"},"content":{"rendered":"<p>&#8220;Sejam quais forem as circunst\u00e2ncias desagrad\u00e1veis que possamos enfrentar, se permanecermos pacientes, confiarmos em Deus e continuarmos positivos, poderemos desfrutar a vida enquanto Ele trabalha em nossos problemas.<\/p>\n<p>Creio que aprender a ser est\u00e1vel em situa\u00e7\u00f5es problem\u00e1ticas \u00e9 uma das li\u00e7\u00f5es mais importantes da vida. Do contr\u00e1rio, sempre estaremos sujeitos \u00e0 irrita\u00e7\u00e3o e ao sofrimento quando as circunst\u00e2ncias forem desagrad\u00e1veis ou dolorosas, como elas ser\u00e3o \u00e0s vezes. Aprenda a ser aben\u00e7oado no caos e saia melhor do que estava quando a sua dificuldade come\u00e7ou. Use os problemas em seu favor em vez de deixar que o diabo os use para enfraquec\u00ea-lo e, talvez, derrot\u00e1-lo.<\/p>\n<p>Deus me ensinou a fazer isso, e sei que Ele pode fazer o mesmo por voc\u00ea.&#8221;<\/p>\n","protected":false},"excerpt":{"rendered":"<p>&#8220;Sejam quais forem as circunst\u00e2ncias desagrad\u00e1veis que possamos enfrentar, se permanecermos pacientes, confiarmos em Deus e continuarmos positivos, poderemos desfrutar&hellip;<\/p>\n","protected":false},"featured_media":339389,"comment_status":"open","ping_status":"closed","template":"","meta":[],"product_cat":[134,137],"product_tag":[],"_links":{"self":[{"href":"https:\/\/www.livrariarema.com.br\/loja\/wp-json\/wp\/v2\/product\/332944"}],"collection":[{"href":"https:\/\/www.livrariarema.com.br\/loja\/wp-json\/wp\/v2\/product"}],"about":[{"href":"https:\/\/www.livrariarema.com.br\/loja\/wp-json\/wp\/v2\/types\/product"}],"replies":[{"embeddable":true,"href":"https:\/\/www.livrariarema.com.br\/loja\/wp-json\/wp\/v2\/comments?post=332944"}],"wp:featuredmedia":[{"embeddable":true,"href":"https:\/\/www.livrariarema.com.br\/loja\/wp-json\/wp\/v2\/media\/339389"}],"wp:attachment":[{"href":"https:\/\/www.livrariarema.com.br\/loja\/wp-json\/wp\/v2\/media?parent=332944"}],"wp:term":[{"taxonomy":"product_cat","embeddable":true,"href":"https:\/\/www.livrariarema.com.br\/loja\/wp-json\/wp\/v2\/product_cat?post=332944"},{"taxonomy":"product_tag","embeddable":true,"href":"https:\/\/www.livrariarema.com.br\/loja\/wp-json\/wp\/v2\/product_tag?post=332944"}],"curies":[{"name":"wp","href":"https:\/\/api.w.org\/{rel}","templated":true}]}}