{"id":332952,"date":"2025-07-01T15:27:17","date_gmt":"2025-07-01T18:27:17","guid":{"rendered":"https:\/\/www.livrariarema.com.br\/loja\/produtos\/sem categoria\/cantico-dos-canticos-hudson-taylor\/"},"modified":"2025-10-01T15:26:21","modified_gmt":"2025-10-01T18:26:21","slug":"cantico-dos-canticos-hudson-taylor","status":"publish","type":"product","link":"https:\/\/www.livrariarema.com.br\/loja\/produtos\/livros\/estudo-biblico\/cantico-dos-canticos-hudson-taylor\/","title":{"rendered":"C\u00e2ntico Dos C\u00e2nticos &#8211; Hudson Taylor"},"content":{"rendered":"<p>Este pequeno Livro \u00e9 um dos permanentes legados de Hudson Taylor \u00e0 Igreja. Sob o poder de uma evidente un\u00e7\u00e3o do Esp\u00edrito Santo, Taylor foi capacitado a abrir, em linguagem simples, profundas verdades quando \u00e0 uni\u00e3o pessoal dos crentes com Deus, que, de maneira simb\u00f3lica e imag\u00e9tica, s\u00e3o o tema de C\u00e2ntico dos C\u00e2nticos.<\/p>\n<p>Ao faze-lo, Taylor o forneceu uma dire\u00e7\u00e3o segura para a compreens\u00e3o daquele que \u00e9 um dos livros mais mal-entendidos e pouco considerados da B\u00edblia. C\u00e2ntico dos C\u00e2nticos &#8211; O Misterioso Romance n\u00e3o \u00e9 apenas um coment\u00e1rio b\u00edblico, mas \u00e9 um desafio para que o povo de Deus volte a amar ao seu Senhor com um amor apaixonado e absoluto.<\/p>\n<p>O Senhor procura quem o ame. Este pequeno cl\u00e1ssico vai te ajudar voc\u00ea a ser algu\u00e9m assim.<\/p>\n","protected":false},"excerpt":{"rendered":"<p>Este pequeno Livro \u00e9 um dos permanentes legados de Hudson Taylor \u00e0 Igreja. Sob o poder de uma evidente un\u00e7\u00e3o&hellip;<\/p>\n","protected":false},"featured_media":332951,"comment_status":"open","ping_status":"closed","template":"","meta":[],"product_cat":[161,134],"product_tag":[],"_links":{"self":[{"href":"https:\/\/www.livrariarema.com.br\/loja\/wp-json\/wp\/v2\/product\/332952"}],"collection":[{"href":"https:\/\/www.livrariarema.com.br\/loja\/wp-json\/wp\/v2\/product"}],"about":[{"href":"https:\/\/www.livrariarema.com.br\/loja\/wp-json\/wp\/v2\/types\/product"}],"replies":[{"embeddable":true,"href":"https:\/\/www.livrariarema.com.br\/loja\/wp-json\/wp\/v2\/comments?post=332952"}],"wp:featuredmedia":[{"embeddable":true,"href":"https:\/\/www.livrariarema.com.br\/loja\/wp-json\/wp\/v2\/media\/332951"}],"wp:attachment":[{"href":"https:\/\/www.livrariarema.com.br\/loja\/wp-json\/wp\/v2\/media?parent=332952"}],"wp:term":[{"taxonomy":"product_cat","embeddable":true,"href":"https:\/\/www.livrariarema.com.br\/loja\/wp-json\/wp\/v2\/product_cat?post=332952"},{"taxonomy":"product_tag","embeddable":true,"href":"https:\/\/www.livrariarema.com.br\/loja\/wp-json\/wp\/v2\/product_tag?post=332952"}],"curies":[{"name":"wp","href":"https:\/\/api.w.org\/{rel}","templated":true}]}}