{"id":332954,"date":"2025-07-01T15:27:33","date_gmt":"2025-07-01T18:27:33","guid":{"rendered":"https:\/\/www.livrariarema.com.br\/loja\/produtos\/sem categoria\/disciplinas-biblicas-oswald-chambers\/"},"modified":"2025-10-01T15:25:44","modified_gmt":"2025-10-01T18:25:44","slug":"disciplinas-biblicas-oswald-chambers","status":"publish","type":"product","link":"https:\/\/www.livrariarema.com.br\/loja\/produtos\/livros\/estudo-biblico\/disciplinas-biblicas-oswald-chambers\/","title":{"rendered":"Disciplinas B\u00edblicas &#8211; Oswald Chambers"},"content":{"rendered":"<p>Aborda seis importantes disciplinas espirituais que auxiliam na edifica\u00e7\u00e3o do car\u00e1ter crist\u00e3o e no aperfei\u00e7oamento do relacionamento com Deus. Essas disciplinas propiciam uma compreens\u00e3o mais ampla sobre como Deus age a fim de manter Seus filhos mais pr\u00f3ximos de si. Assim, o Senhor pode mold\u00e1-los para que se tornem mais semelhantes a Cristo levando-os \u00e0 pr\u00e1tica da f\u00e9 e \u00e0 abund\u00e2ncia de Sua gra\u00e7a.<\/p>\n","protected":false},"excerpt":{"rendered":"<p>Aborda seis importantes disciplinas espirituais que auxiliam na edifica\u00e7\u00e3o do car\u00e1ter crist\u00e3o e no aperfei\u00e7oamento do relacionamento com Deus. Essas&hellip;<\/p>\n","protected":false},"featured_media":332953,"comment_status":"open","ping_status":"closed","template":"","meta":[],"product_cat":[161,134],"product_tag":[],"_links":{"self":[{"href":"https:\/\/www.livrariarema.com.br\/loja\/wp-json\/wp\/v2\/product\/332954"}],"collection":[{"href":"https:\/\/www.livrariarema.com.br\/loja\/wp-json\/wp\/v2\/product"}],"about":[{"href":"https:\/\/www.livrariarema.com.br\/loja\/wp-json\/wp\/v2\/types\/product"}],"replies":[{"embeddable":true,"href":"https:\/\/www.livrariarema.com.br\/loja\/wp-json\/wp\/v2\/comments?post=332954"}],"wp:featuredmedia":[{"embeddable":true,"href":"https:\/\/www.livrariarema.com.br\/loja\/wp-json\/wp\/v2\/media\/332953"}],"wp:attachment":[{"href":"https:\/\/www.livrariarema.com.br\/loja\/wp-json\/wp\/v2\/media?parent=332954"}],"wp:term":[{"taxonomy":"product_cat","embeddable":true,"href":"https:\/\/www.livrariarema.com.br\/loja\/wp-json\/wp\/v2\/product_cat?post=332954"},{"taxonomy":"product_tag","embeddable":true,"href":"https:\/\/www.livrariarema.com.br\/loja\/wp-json\/wp\/v2\/product_tag?post=332954"}],"curies":[{"name":"wp","href":"https:\/\/api.w.org\/{rel}","templated":true}]}}