{"id":332956,"date":"2025-07-01T15:27:45","date_gmt":"2025-07-01T18:27:45","guid":{"rendered":"https:\/\/www.livrariarema.com.br\/loja\/produtos\/sem categoria\/o-sermao-do-monte-oswald-chambers\/"},"modified":"2026-03-27T09:51:39","modified_gmt":"2026-03-27T12:51:39","slug":"o-sermao-do-monte-oswald-chambers","status":"publish","type":"product","link":"https:\/\/www.livrariarema.com.br\/loja\/produtos\/livros\/estudo-biblico\/o-sermao-do-monte-oswald-chambers\/","title":{"rendered":"O Serm\u00e3o Do Monte &#8211; Oswald Chambers"},"content":{"rendered":"<p>Prop\u00f5e uma viagem pelo serm\u00e3o mais conhecido do mundo, desde as Bem-aventuran\u00e7as at\u00e9 a Regra de Ouro, evidenciando o quanto a verdade dos ensinamentos de Jesus faz diferen\u00e7a na vida dos Seus disc\u00edpulos.<br \/>\nEla transforma o car\u00e1ter e torna eficaz a vida de ora\u00e7\u00e3o do crist\u00e3o, capacitando-o a lidar com conflitos e a manter o cora\u00e7\u00e3o puro, al\u00e9m de encoraj\u00e1-lo a amar e cuidar do pr\u00f3ximo.<\/p>\n","protected":false},"excerpt":{"rendered":"<p>Prop\u00f5e uma viagem pelo serm\u00e3o mais conhecido do mundo, desde as Bem-aventuran\u00e7as at\u00e9 a Regra de Ouro, evidenciando o quanto&hellip;<\/p>\n","protected":false},"featured_media":332955,"comment_status":"open","ping_status":"closed","template":"","meta":[],"product_cat":[161,134],"product_tag":[],"_links":{"self":[{"href":"https:\/\/www.livrariarema.com.br\/loja\/wp-json\/wp\/v2\/product\/332956"}],"collection":[{"href":"https:\/\/www.livrariarema.com.br\/loja\/wp-json\/wp\/v2\/product"}],"about":[{"href":"https:\/\/www.livrariarema.com.br\/loja\/wp-json\/wp\/v2\/types\/product"}],"replies":[{"embeddable":true,"href":"https:\/\/www.livrariarema.com.br\/loja\/wp-json\/wp\/v2\/comments?post=332956"}],"wp:featuredmedia":[{"embeddable":true,"href":"https:\/\/www.livrariarema.com.br\/loja\/wp-json\/wp\/v2\/media\/332955"}],"wp:attachment":[{"href":"https:\/\/www.livrariarema.com.br\/loja\/wp-json\/wp\/v2\/media?parent=332956"}],"wp:term":[{"taxonomy":"product_cat","embeddable":true,"href":"https:\/\/www.livrariarema.com.br\/loja\/wp-json\/wp\/v2\/product_cat?post=332956"},{"taxonomy":"product_tag","embeddable":true,"href":"https:\/\/www.livrariarema.com.br\/loja\/wp-json\/wp\/v2\/product_tag?post=332956"}],"curies":[{"name":"wp","href":"https:\/\/api.w.org\/{rel}","templated":true}]}}