{"id":333002,"date":"2025-07-02T09:42:22","date_gmt":"2025-07-02T12:42:22","guid":{"rendered":"https:\/\/www.livrariarema.com.br\/loja\/produtos\/sem categoria\/biblia-das-meninas-corajosas-letra-gigante-capa-dura-rosa\/"},"modified":"2026-01-21T15:30:44","modified_gmt":"2026-01-21T18:30:44","slug":"biblia-das-meninas-corajosas-letra-gigante-capa-dura-rosa","status":"publish","type":"product","link":"https:\/\/www.livrariarema.com.br\/loja\/produtos\/biblias\/juvenil-biblias\/biblia-das-meninas-corajosas-letra-gigante-capa-dura-rosa\/","title":{"rendered":"B\u00edblia Das Meninas Corajosas &#8211; Letra Gigante &#8211; Capa Dura &#8211; Rosa"},"content":{"rendered":"<p>B\u00edblia Sagrada, na vers\u00e3o ARC (Almeida Revista e Corrigida) de Jo\u00e3o Ferreira de Almeida, sendo a vers\u00e3o mais utilizada pelos evang\u00e9licos no Brasil e se destaca por sua fidelidade aos textos originais. Ela possui tecnologia full color, com Promessas em destaque, palavras de Deus em azul e palavras de Jesus em vermelho, al\u00e9m de mapas coloridos que enriquecem o entendimento geogr\u00e1fico e hist\u00f3rico. Esta vers\u00e3o tamb\u00e9m possui encartes ilustrados, voltados ao p\u00fablico infantil feminino, tornando a experi\u00eancia ainda mais acess\u00edvel e interessante para as crian\u00e7as.<\/p>\n<p>&#8211; Mapas Coloridos<br \/>\n&#8211; Promessas em destaque<br \/>\n&#8211; Palavra de Deus em Azul e Palavra de Jesus em vermelho<\/p>\n","protected":false},"excerpt":{"rendered":"<p>B\u00edblia Sagrada, na vers\u00e3o ARC (Almeida Revista e Corrigida) de Jo\u00e3o Ferreira de Almeida, sendo a vers\u00e3o mais utilizada pelos&hellip;<\/p>\n","protected":false},"featured_media":333574,"comment_status":"open","ping_status":"closed","template":"","meta":[],"product_cat":[139,192],"product_tag":[],"_links":{"self":[{"href":"https:\/\/www.livrariarema.com.br\/loja\/wp-json\/wp\/v2\/product\/333002"}],"collection":[{"href":"https:\/\/www.livrariarema.com.br\/loja\/wp-json\/wp\/v2\/product"}],"about":[{"href":"https:\/\/www.livrariarema.com.br\/loja\/wp-json\/wp\/v2\/types\/product"}],"replies":[{"embeddable":true,"href":"https:\/\/www.livrariarema.com.br\/loja\/wp-json\/wp\/v2\/comments?post=333002"}],"wp:featuredmedia":[{"embeddable":true,"href":"https:\/\/www.livrariarema.com.br\/loja\/wp-json\/wp\/v2\/media\/333574"}],"wp:attachment":[{"href":"https:\/\/www.livrariarema.com.br\/loja\/wp-json\/wp\/v2\/media?parent=333002"}],"wp:term":[{"taxonomy":"product_cat","embeddable":true,"href":"https:\/\/www.livrariarema.com.br\/loja\/wp-json\/wp\/v2\/product_cat?post=333002"},{"taxonomy":"product_tag","embeddable":true,"href":"https:\/\/www.livrariarema.com.br\/loja\/wp-json\/wp\/v2\/product_tag?post=333002"}],"curies":[{"name":"wp","href":"https:\/\/api.w.org\/{rel}","templated":true}]}}