{"id":333012,"date":"2025-07-02T09:42:55","date_gmt":"2025-07-02T12:42:55","guid":{"rendered":"https:\/\/www.livrariarema.com.br\/loja\/produtos\/sem categoria\/biblia-de-estudo-da-mulher-sabia-com-harpa-capa-pu-luxo-magnolia-preta\/"},"modified":"2026-04-22T13:17:45","modified_gmt":"2026-04-22T16:17:45","slug":"biblia-de-estudo-da-mulher-sabia-com-harpa-capa-pu-luxo-magnolia-preta","status":"publish","type":"product","link":"https:\/\/www.livrariarema.com.br\/loja\/produtos\/biblias\/estudo-feminina\/biblia-de-estudo-da-mulher-sabia-com-harpa-capa-pu-luxo-magnolia-preta\/","title":{"rendered":"B\u00edblia De Estudo Da Mulher S\u00e1bia &#8211; Com Harpa &#8211; Capa Pu Luxo &#8211; Magn\u00f3lia Preta"},"content":{"rendered":"<p>A B\u00edblia de Estudo da Mulher S\u00e1bia \u00e9 uma vers\u00e3o da B\u00edblia especialmente desenvolvida para o p\u00fablico feminino, oferecendo aplica\u00e7\u00f5es e estudos direcionados a cada vers\u00edculo ou livro, facilitando a leitura e proporcionando uma reflex\u00e3o profunda. Ela cont\u00e9m textos edificantes para medita\u00e7\u00e3o, abordando temas relevantes para mulheres em diferentes pap\u00e9is, como m\u00e3e, sogra, nora, amiga, entre outros. A vers\u00e3o \u00e9 a Almeida Revista e Corrigida (ARC), uma das mais usadas pelos evang\u00e9licos no Brasil, traduzida com fidelidade dos textos originais por Jo\u00e3o Ferreira de Almeida. A B\u00edblia tamb\u00e9m conta com tecnologia full color, oferecendo uma experi\u00eancia de leitura visualmente rica e agrad\u00e1vel, al\u00e9m de incluir mapas para um melhor entendimento do contexto b\u00edblico.<\/p>\n<p>&#8211; Mapas Coloridos<br \/>\n&#8211; Promessas em destaque<br \/>\n&#8211; Palavra de Deus em Azul e Palavra de Jesus em vermelho<\/p>\n","protected":false},"excerpt":{"rendered":"<p>A B\u00edblia de Estudo da Mulher S\u00e1bia \u00e9 uma vers\u00e3o da B\u00edblia especialmente desenvolvida para o p\u00fablico feminino, oferecendo aplica\u00e7\u00f5es&hellip;<\/p>\n","protected":false},"featured_media":333608,"comment_status":"open","ping_status":"closed","template":"","meta":[],"product_cat":[139,175],"product_tag":[],"_links":{"self":[{"href":"https:\/\/www.livrariarema.com.br\/loja\/wp-json\/wp\/v2\/product\/333012"}],"collection":[{"href":"https:\/\/www.livrariarema.com.br\/loja\/wp-json\/wp\/v2\/product"}],"about":[{"href":"https:\/\/www.livrariarema.com.br\/loja\/wp-json\/wp\/v2\/types\/product"}],"replies":[{"embeddable":true,"href":"https:\/\/www.livrariarema.com.br\/loja\/wp-json\/wp\/v2\/comments?post=333012"}],"wp:featuredmedia":[{"embeddable":true,"href":"https:\/\/www.livrariarema.com.br\/loja\/wp-json\/wp\/v2\/media\/333608"}],"wp:attachment":[{"href":"https:\/\/www.livrariarema.com.br\/loja\/wp-json\/wp\/v2\/media?parent=333012"}],"wp:term":[{"taxonomy":"product_cat","embeddable":true,"href":"https:\/\/www.livrariarema.com.br\/loja\/wp-json\/wp\/v2\/product_cat?post=333012"},{"taxonomy":"product_tag","embeddable":true,"href":"https:\/\/www.livrariarema.com.br\/loja\/wp-json\/wp\/v2\/product_tag?post=333012"}],"curies":[{"name":"wp","href":"https:\/\/api.w.org\/{rel}","templated":true}]}}