{"id":333016,"date":"2025-07-02T09:43:10","date_gmt":"2025-07-02T12:43:10","guid":{"rendered":"https:\/\/www.livrariarema.com.br\/loja\/produtos\/sem categoria\/biblia-da-pregadora-fiel-capa-pu-nobre-luxo-pink\/"},"modified":"2025-07-09T14:31:51","modified_gmt":"2025-07-09T17:31:51","slug":"biblia-da-pregadora-fiel-capa-pu-nobre-luxo-pink","status":"publish","type":"product","link":"https:\/\/www.livrariarema.com.br\/loja\/produtos\/biblias\/estudo-feminina\/biblia-da-pregadora-fiel-capa-pu-nobre-luxo-pink\/","title":{"rendered":"B\u00edblia Da Pregadora Fiel &#8211; Capa Pu Nobre Luxo &#8211; Pink"},"content":{"rendered":"<p>Com esbo\u00e7os e coment\u00e1rios valiosos, a B\u00edblia da Pregadora Fiel \u00e9 o material perfeito para a mulher que deseja trazer fidelidade e qualidade \u00e0s suas prega\u00e7\u00f5es e ensinos. Cada trecho desta b\u00edblia est\u00e1 recheado de boa teologia que ir\u00e1 lhe ajudar a desenvolver serm\u00f5es excepcionais.<\/p>\n<p>Al\u00e9m disso, a B\u00edblia conta com tecnologia full color, proporcionando uma leitura mais agrad\u00e1vel e visualmente rica e tamb\u00e9m incluindo mapas.<br \/>\n&#8211; Mapas Coloridos<BR><br \/>\n&#8211; Esbo\u00e7os e coment\u00e1rios<BR><br \/>\n&#8211; Palavra de Deus em Azul e Palavra de Jesus em vermelho<BR><\/p>\n","protected":false},"excerpt":{"rendered":"<p>Com esbo\u00e7os e coment\u00e1rios valiosos, a B\u00edblia da Pregadora Fiel \u00e9 o material perfeito para a mulher que deseja trazer&hellip;<\/p>\n","protected":false},"featured_media":333610,"comment_status":"open","ping_status":"closed","template":"","meta":[],"product_cat":[139,175],"product_tag":[],"_links":{"self":[{"href":"https:\/\/www.livrariarema.com.br\/loja\/wp-json\/wp\/v2\/product\/333016"}],"collection":[{"href":"https:\/\/www.livrariarema.com.br\/loja\/wp-json\/wp\/v2\/product"}],"about":[{"href":"https:\/\/www.livrariarema.com.br\/loja\/wp-json\/wp\/v2\/types\/product"}],"replies":[{"embeddable":true,"href":"https:\/\/www.livrariarema.com.br\/loja\/wp-json\/wp\/v2\/comments?post=333016"}],"wp:featuredmedia":[{"embeddable":true,"href":"https:\/\/www.livrariarema.com.br\/loja\/wp-json\/wp\/v2\/media\/333610"}],"wp:attachment":[{"href":"https:\/\/www.livrariarema.com.br\/loja\/wp-json\/wp\/v2\/media?parent=333016"}],"wp:term":[{"taxonomy":"product_cat","embeddable":true,"href":"https:\/\/www.livrariarema.com.br\/loja\/wp-json\/wp\/v2\/product_cat?post=333016"},{"taxonomy":"product_tag","embeddable":true,"href":"https:\/\/www.livrariarema.com.br\/loja\/wp-json\/wp\/v2\/product_tag?post=333016"}],"curies":[{"name":"wp","href":"https:\/\/api.w.org\/{rel}","templated":true}]}}